{"id":102,"date":"2021-04-08T09:03:22","date_gmt":"2021-04-08T09:03:22","guid":{"rendered":"https:\/\/matkaliit.ee\/?page_id=102"},"modified":"2026-03-26T14:04:19","modified_gmt":"2026-03-26T12:04:19","slug":"matkatreeneri-kutse","status":"publish","type":"page","link":"https:\/\/matkaliit.ee\/en\/matkatreeneri-kutse\/","title":{"rendered":"Matkatreeneri kutse"},"content":{"rendered":"<p style=\"text-align: left;\" align=\"center\"><strong>Muudatused treenerikutsete omistamisel alates 1. jaanuarist 2014<\/strong><\/p>\n<p>23. aprillil 2008.a. v\u00f5tsid Euroopa Parlament ja Euroopa N\u00f5ukogu vastu soovituse Euroopa \u00fchtse elukestva \u00f5ppe kvalifikatsiooniraamistiku (European Qualifications Framework &#8211; EQF) rakendamiseks. EQF on loodud EU maade kvalifikatsioonide parema m\u00f5istetavuse ja v\u00f5rreldavuse saavutamiseks. EQF on 8-tasemeline v\u00f5rdlusraamistik, millega k\u00f5ik riigid oma kvalifikatsioonid \u00e4ra suhestavad ja mis muudab teiste riikide kvalifikatsioonid paremini m\u00f5istetavaks ka v\u00e4ljapool seda riiki.<\/p>\n<p>22. mail 2008.a. Eestis vastu v\u00f5etud <a href=\"https:\/\/www.riigiteataja.ee\/akt\/13147615?leiaKehtiv\">kutseseadus<\/a> kinnitab Eesti Kutsekvalifikatsiooniraamistiku (EKR), mis jaguneb kaheksaks tasemeks, kusjuures 1. tase on madalaim ja 8. tase k\u00f5rgeim. Eesti Kutsekvalifikatsiooniraamistiku tasemekirjeldused on identsed EQF-i tasemekirjeldustega, mis t\u00e4hendab, et kirjeldades EKR s\u00fcsteemis kaheksal tasandil mingit kutset, teeme seda kohe EQF raamistikus ja arusaadavalt teistele Euroopa Liidu riikidele.<\/p>\n<p>Kutseseadusega m\u00e4\u00e4rati senikehtivate kutsestandardite kasutamisajaks kuni 1. jaanuar 2014.a., mis t\u00e4hendab, et 2003.a. kinnitatud ja hiljem korduvalt t\u00e4iendatud treeneri kutsestandard tuleb uuendada kehtiva EKR alusel. Muudatuste eesm\u00e4rk on t\u00f6\u00f6j\u00f5u vaba liikumine, kutsete v\u00f5rreldavus ja \u00fclekantavus, suund v\u00e4ljundip\u00f5hise \u00f5ppele: <b>p\u00e4devus = teadmised + oskused + hoiakud<\/b><\/p>\n<p><b>Muudatused kahes etapis:<\/b><\/p>\n<p><b>I ehk vormiline muudatus: <\/b>kehtiva treeneri kutsestandardi p\u00f5hjal antud\/antavad kutsekvalifikatsioonid viie taseme skaalas suhestati EKR-ga (ja EQF-ga) j\u00e4rgmiselt:<\/p>\n<table border=\"0\" cellspacing=\"0\" cellpadding=\"0\">\n<tbody>\n<tr>\n<td width=\"92\">Treener I<\/td>\n<td width=\"108\">\n<p align=\"center\">EKR 3<\/p>\n<\/td>\n<td width=\"106\">\n<p align=\"center\">EQF 3<\/p>\n<\/td>\n<\/tr>\n<tr>\n<td width=\"92\">Treener II<\/td>\n<td width=\"108\">\n<p align=\"center\">EKR 4<\/p>\n<\/td>\n<td width=\"106\">\n<p align=\"center\">EQF 4<\/p>\n<\/td>\n<\/tr>\n<tr>\n<td width=\"92\">Treener III<\/td>\n<td width=\"108\">\n<p align=\"center\">EKR 5<\/p>\n<\/td>\n<td width=\"106\">\n<p align=\"center\">EQF 5<\/p>\n<\/td>\n<\/tr>\n<tr>\n<td width=\"92\">Treener IV<\/td>\n<td width=\"108\">\n<p align=\"center\">EKR 6<\/p>\n<\/td>\n<td width=\"106\">\n<p align=\"center\">EQF 6<\/p>\n<\/td>\n<\/tr>\n<tr>\n<td width=\"92\">Treener V<\/td>\n<td width=\"108\">\n<p align=\"center\">EKR 7<\/p>\n<\/td>\n<td width=\"106\">\n<p align=\"center\">EQF 7<\/p>\n<\/td>\n<\/tr>\n<\/tbody>\n<\/table>\n<p><b>II ehk sisuline muudatus<\/b>: uutele n\u00f5uetele vastavate kutsestandardite v\u00e4ljat\u00f6\u00f6tamine EKR\/EQF tasemetel 3.-8.<\/p>\n<p>Kutsestandardites (<a href=\"http:\/\/www.eok.ee\/sites\/default\/files\/treenerikutse\/3%20-%20Abitreener%20tase%203.pdf\">EKR 3<\/a>, <a href=\"http:\/\/www.eok.ee\/sites\/default\/files\/treenerikutse\/4%20-%20Nooremtreener%20tase%204.pdf\">EKR 4<\/a>, <a href=\"http:\/\/www.eok.ee\/sites\/default\/files\/treenerikutse\/5%20-%20Treener%20tase%205.pdf\" target=\"_blank\" rel=\"noopener\">EKR 5<\/a>, <a href=\"http:\/\/www.eok.ee\/sites\/default\/files\/treenerikutse\/6%20-%20Vanemtreener%20tase%206.pdf\">EKR 6<\/a>, <a href=\"http:\/\/www.eok.ee\/sites\/default\/files\/treenerikutse\/7%20-%20Meistertreener%20tase%207.pdf\">EKR 7<\/a>, <a href=\"http:\/\/www.eok.ee\/sites\/default\/files\/treenerikutse\/8%20-%20Eliittreener%20tase%208.pdf\">EKR 8<\/a>) s\u00e4testatud n\u00f5uded on kompetentsi- ja tulemip\u00f5hised. Kutsestandardi alusel hinnatakse kompetentsi olemasolu (v\u00e4ljundit), lisaks hinnatakse kompetentside hankimist (sisendit) s\u00e4ilitades kontrolli teadmiste hankimise mahu ja kvaliteedi \u00fcle. V\u00e4hendamaks segadust tasemete numbrite kasutamisel on kutsestandardite koostamisel sisse viidud j\u00e4rgmised treenerikutse nimetused:<\/p>\n<table border=\"0\" cellspacing=\"0\" cellpadding=\"0\">\n<tbody>\n<tr>\n<td width=\"107\"><b>Senikehtivad<br \/>\nkutsetasemed<\/b><\/td>\n<td width=\"107\"><b>EKR\/EQF<br \/>\nkutsetasemed<\/b><\/td>\n<td width=\"110\"><b>Treenerikutse nimetus<\/b><\/td>\n<\/tr>\n<tr>\n<td width=\"107\">Treener I<\/td>\n<td width=\"107\">EKR 3<\/td>\n<td width=\"110\">abitreener<\/td>\n<\/tr>\n<tr>\n<td width=\"107\">Treener II<\/td>\n<td width=\"107\">EKR 4<\/td>\n<td width=\"110\">nooremtreener<\/td>\n<\/tr>\n<tr>\n<td width=\"107\">Treener III<\/td>\n<td width=\"107\">EKR 5<\/td>\n<td width=\"110\">treener<\/td>\n<\/tr>\n<tr>\n<td width=\"107\">Treener IV<\/td>\n<td width=\"107\">EKR 6<\/td>\n<td width=\"110\">vanemtreener<\/td>\n<\/tr>\n<tr>\n<td width=\"107\">Treener V<\/td>\n<td width=\"107\">EKR 7<\/td>\n<td width=\"110\">meistertreener<\/td>\n<\/tr>\n<tr>\n<td width=\"107\">&#8211;<\/td>\n<td width=\"107\">EKR 8<\/td>\n<td width=\"110\">eliittreener<\/td>\n<\/tr>\n<\/tbody>\n<\/table>\n<p><b>Treenerite kompetentside tasemed<\/b><\/p>\n<p><b>Abitreener<\/b> \u2013 t\u00f6\u00f6tab otsese juhtimise all struktureeritud kontekstis.<\/p>\n<p><b>Nooremtreener<\/b> \u2013 t\u00f6\u00f6tab enamasti iseseisvalt. V\u00f5tab vastutuse \u00fclesande l\u00f5puleviimisel; kohandab oma tegutsemist (k\u00e4itumist) vastavalt olukorrale, et lahendada probleeme.<\/p>\n<p><b>Treener<\/b> \u2013 juhib iseenda tegevust juhendite ja etteaimatava tegutsemise kontekstis, mis v\u00f5ivad muutuda; juhib teiste rutiinset t\u00f6\u00f6d, v\u00f5ttes osalise vastutuse tegevuse hindamisel ja parendamisel. Juhib ja kontrollib tegevusi keskkonnas, kus esineb ootamatuid muudatusi; anal\u00fc\u00fcsib ja hindab ise enda ja teiste tegevusi.<\/p>\n<p><b>Vanemtreener<\/b> \u2013 juhib kompleksseid tehnilisi v\u00f5i professionaalseid tegevusi v\u00f5i projekte, v\u00f5ttes otsustuse vastutuse muutuvates olukordades; v\u00f5tab vastutuse teiste indiviidide v\u00f5i gruppide professionaalse arengu juhtimisel.<\/p>\n<p><b>Meistertreener<\/b> \u2013 juhib ja kujundab t\u00f6\u00f6d muutuvate tingimuste keskkonnas, mis on komplekssed, etteaimamatud ja n\u00f5uavad uusi strateegilisi l\u00e4henemisi; v\u00f5tab vastutuse panustades professionaalsesse teadmusesse ja praktikatesse ja\/v\u00f5i kujundab meeskondade\/organisatsioonide strateegilist suutlikkust.<\/p>\n<p><b>Eliittreener<\/b> \u2013 v\u00e4ljendab m\u00e4rkimisv\u00e4\u00e4rset autoriteeti, innovatsiooni, autonoomsust, akadeemilist (<i>scholarly<\/i>) ja professionaalset terviklikkust ning j\u00e4tkuvat p\u00fchendumist uute ideede v\u00f5i protsesside arendamiseks t\u00f6\u00f6 ja teadmiste edumeelses eesrinnas.<\/p>\n<p><b>Uued alusdokumendid<\/b><\/p>\n<p>Kutsestandardi lisa: <a title=\"Treenerite eetika koodeks\" href=\"https:\/\/www.eok.ee\/treenerid\/treenerite-eetikakoodeks\" target=\"_blank\" rel=\"noopener\">treenerite eetikakoodeks<\/a><\/p>\n<p><a title=\"Kutse andmise kord\" href=\"https:\/\/matkaliit.ee\/wp-content\/uploads\/2021\/11\/2021_ka_kord_treeneri_kutsetele_03112021.pdf\" target=\"_blank\" rel=\"noopener\">Kutse andmise kord<\/a><\/p>\n<p><a href=\"https:\/\/www.eok.ee\/treenerid\" target=\"_blank\" rel=\"noopener\">K\u00f5ik info treenerikutse kohta EOK lehel.<\/a><\/p>\n<p>Tegutsemine <a href=\"http:\/\/www.spordiregister.ee\/\">Spordiregistris<\/a><\/p>\n<p>T\u00e4iendavat infot vt EOK kodulehel <a href=\"https:\/\/www.eok.ee\/treenerid\/treenerikutse\">https:\/\/www.eok.ee\/treenerid\/treenerikutse<\/a><\/p>","protected":false},"excerpt":{"rendered":"<p>Muudatused treenerikutsete omistamisel alates 1. jaanuarist 2014 23. aprillil 2008.a. v\u00f5tsid Euroopa Parlament ja Euroopa N\u00f5ukogu vastu soovituse Euroopa \u00fchtse elukestva \u00f5ppe kvalifikatsiooniraamistiku (European Qualifications Framework &#8211; EQF) rakendamiseks. EQF on loodud EU maade kvalifikatsioonide parema m\u00f5istetavuse ja v\u00f5rreldavuse saavutamiseks. EQF on 8-tasemeline v\u00f5rdlusraamistik, millega k\u00f5ik riigid oma kvalifikatsioonid \u00e4ra suhestavad ja mis muudab teiste<\/p>\n<div class='read-more-button'><a class='read-more-link' href='https:\/\/matkaliit.ee\/en\/matkatreeneri-kutse\/' style='border: 1px solid #3f83bf'>Read more&#8230;<\/a><\/div>","protected":false},"author":1,"featured_media":0,"parent":0,"menu_order":0,"comment_status":"closed","ping_status":"closed","template":"","meta":{"footnotes":""},"class_list":["post-102","page","type-page","status-publish","hentry"],"yoast_head":"<!-- This site is optimized with the Yoast SEO plugin v27.5 - https:\/\/yoast.com\/product\/yoast-seo-wordpress\/ -->\n<title>Matkatreeneri kutse - Eesti Matkaliit<\/title>\n<meta name=\"robots\" content=\"index, follow, max-snippet:-1, max-image-preview:large, max-video-preview:-1\" \/>\n<link rel=\"canonical\" href=\"https:\/\/matkaliit.ee\/en\/matkatreeneri-kutse\/\" \/>\n<meta property=\"og:locale\" content=\"en_GB\" \/>\n<meta property=\"og:type\" content=\"article\" \/>\n<meta property=\"og:title\" content=\"Matkatreeneri kutse - Eesti Matkaliit\" \/>\n<meta property=\"og:description\" content=\"Muudatused treenerikutsete omistamisel alates 1. jaanuarist 2014 23. aprillil 2008.a. v\u00f5tsid Euroopa Parlament ja Euroopa N\u00f5ukogu vastu soovituse Euroopa \u00fchtse elukestva \u00f5ppe kvalifikatsiooniraamistiku (European Qualifications Framework &#8211; EQF) rakendamiseks. EQF on loodud EU maade kvalifikatsioonide parema m\u00f5istetavuse ja v\u00f5rreldavuse saavutamiseks. EQF on 8-tasemeline v\u00f5rdlusraamistik, millega k\u00f5ik riigid oma kvalifikatsioonid \u00e4ra suhestavad ja mis muudab teisteRead more...\" \/>\n<meta property=\"og:url\" content=\"https:\/\/matkaliit.ee\/en\/matkatreeneri-kutse\/\" \/>\n<meta property=\"og:site_name\" content=\"Eesti Matkaliit\" \/>\n<meta property=\"article:modified_time\" content=\"2026-03-26T12:04:19+00:00\" \/>\n<meta name=\"twitter:card\" content=\"summary_large_image\" \/>\n<meta name=\"twitter:label1\" content=\"Estimated reading time\" \/>\n\t<meta name=\"twitter:data1\" content=\"3 minutes\" \/>\n<script type=\"application\/ld+json\" class=\"yoast-schema-graph\">{\"@context\":\"https:\\\/\\\/schema.org\",\"@graph\":[{\"@type\":\"WebPage\",\"@id\":\"https:\\\/\\\/matkaliit.ee\\\/matkatreeneri-kutse\\\/\",\"url\":\"https:\\\/\\\/matkaliit.ee\\\/matkatreeneri-kutse\\\/\",\"name\":\"Matkatreeneri kutse - Eesti Matkaliit\",\"isPartOf\":{\"@id\":\"https:\\\/\\\/matkaliit.ee\\\/#website\"},\"datePublished\":\"2021-04-08T09:03:22+00:00\",\"dateModified\":\"2026-03-26T12:04:19+00:00\",\"breadcrumb\":{\"@id\":\"https:\\\/\\\/matkaliit.ee\\\/matkatreeneri-kutse\\\/#breadcrumb\"},\"inLanguage\":\"en-GB\",\"potentialAction\":[{\"@type\":\"ReadAction\",\"target\":[\"https:\\\/\\\/matkaliit.ee\\\/matkatreeneri-kutse\\\/\"]}]},{\"@type\":\"BreadcrumbList\",\"@id\":\"https:\\\/\\\/matkaliit.ee\\\/matkatreeneri-kutse\\\/#breadcrumb\",\"itemListElement\":[{\"@type\":\"ListItem\",\"position\":1,\"name\":\"Home\",\"item\":\"https:\\\/\\\/matkaliit.ee\\\/\"},{\"@type\":\"ListItem\",\"position\":2,\"name\":\"Matkatreeneri kutse\"}]},{\"@type\":\"WebSite\",\"@id\":\"https:\\\/\\\/matkaliit.ee\\\/#website\",\"url\":\"https:\\\/\\\/matkaliit.ee\\\/\",\"name\":\"Eesti Matkaliit\",\"description\":\"\",\"publisher\":{\"@id\":\"https:\\\/\\\/matkaliit.ee\\\/#organization\"},\"potentialAction\":[{\"@type\":\"SearchAction\",\"target\":{\"@type\":\"EntryPoint\",\"urlTemplate\":\"https:\\\/\\\/matkaliit.ee\\\/?s={search_term_string}\"},\"query-input\":{\"@type\":\"PropertyValueSpecification\",\"valueRequired\":true,\"valueName\":\"search_term_string\"}}],\"inLanguage\":\"en-GB\"},{\"@type\":\"Organization\",\"@id\":\"https:\\\/\\\/matkaliit.ee\\\/#organization\",\"name\":\"Eesti Matkaliit\",\"url\":\"https:\\\/\\\/matkaliit.ee\\\/\",\"logo\":{\"@type\":\"ImageObject\",\"inLanguage\":\"en-GB\",\"@id\":\"https:\\\/\\\/matkaliit.ee\\\/#\\\/schema\\\/logo\\\/image\\\/\",\"url\":\"https:\\\/\\\/matkaliit.ee\\\/wp-content\\\/uploads\\\/2021\\\/04\\\/logo-koodulehele-1.jpg\",\"contentUrl\":\"https:\\\/\\\/matkaliit.ee\\\/wp-content\\\/uploads\\\/2021\\\/04\\\/logo-koodulehele-1.jpg\",\"width\":150,\"height\":137,\"caption\":\"Eesti Matkaliit\"},\"image\":{\"@id\":\"https:\\\/\\\/matkaliit.ee\\\/#\\\/schema\\\/logo\\\/image\\\/\"}}]}<\/script>\n<!-- \/ Yoast SEO plugin. -->","yoast_head_json":{"title":"Matkatreeneri kutse - Eesti Matkaliit","robots":{"index":"index","follow":"follow","max-snippet":"max-snippet:-1","max-image-preview":"max-image-preview:large","max-video-preview":"max-video-preview:-1"},"canonical":"https:\/\/matkaliit.ee\/en\/matkatreeneri-kutse\/","og_locale":"en_GB","og_type":"article","og_title":"Matkatreeneri kutse - Eesti Matkaliit","og_description":"Muudatused treenerikutsete omistamisel alates 1. jaanuarist 2014 23. aprillil 2008.a. v\u00f5tsid Euroopa Parlament ja Euroopa N\u00f5ukogu vastu soovituse Euroopa \u00fchtse elukestva \u00f5ppe kvalifikatsiooniraamistiku (European Qualifications Framework &#8211; EQF) rakendamiseks. EQF on loodud EU maade kvalifikatsioonide parema m\u00f5istetavuse ja v\u00f5rreldavuse saavutamiseks. EQF on 8-tasemeline v\u00f5rdlusraamistik, millega k\u00f5ik riigid oma kvalifikatsioonid \u00e4ra suhestavad ja mis muudab teisteRead more...","og_url":"https:\/\/matkaliit.ee\/en\/matkatreeneri-kutse\/","og_site_name":"Eesti Matkaliit","article_modified_time":"2026-03-26T12:04:19+00:00","twitter_card":"summary_large_image","twitter_misc":{"Estimated reading time":"3 minutes"},"schema":{"@context":"https:\/\/schema.org","@graph":[{"@type":"WebPage","@id":"https:\/\/matkaliit.ee\/matkatreeneri-kutse\/","url":"https:\/\/matkaliit.ee\/matkatreeneri-kutse\/","name":"Matkatreeneri kutse - Eesti Matkaliit","isPartOf":{"@id":"https:\/\/matkaliit.ee\/#website"},"datePublished":"2021-04-08T09:03:22+00:00","dateModified":"2026-03-26T12:04:19+00:00","breadcrumb":{"@id":"https:\/\/matkaliit.ee\/matkatreeneri-kutse\/#breadcrumb"},"inLanguage":"en-GB","potentialAction":[{"@type":"ReadAction","target":["https:\/\/matkaliit.ee\/matkatreeneri-kutse\/"]}]},{"@type":"BreadcrumbList","@id":"https:\/\/matkaliit.ee\/matkatreeneri-kutse\/#breadcrumb","itemListElement":[{"@type":"ListItem","position":1,"name":"Home","item":"https:\/\/matkaliit.ee\/"},{"@type":"ListItem","position":2,"name":"Matkatreeneri kutse"}]},{"@type":"WebSite","@id":"https:\/\/matkaliit.ee\/#website","url":"https:\/\/matkaliit.ee\/","name":"Eesti Matkaliit","description":"","publisher":{"@id":"https:\/\/matkaliit.ee\/#organization"},"potentialAction":[{"@type":"SearchAction","target":{"@type":"EntryPoint","urlTemplate":"https:\/\/matkaliit.ee\/?s={search_term_string}"},"query-input":{"@type":"PropertyValueSpecification","valueRequired":true,"valueName":"search_term_string"}}],"inLanguage":"en-GB"},{"@type":"Organization","@id":"https:\/\/matkaliit.ee\/#organization","name":"Eesti Matkaliit","url":"https:\/\/matkaliit.ee\/","logo":{"@type":"ImageObject","inLanguage":"en-GB","@id":"https:\/\/matkaliit.ee\/#\/schema\/logo\/image\/","url":"https:\/\/matkaliit.ee\/wp-content\/uploads\/2021\/04\/logo-koodulehele-1.jpg","contentUrl":"https:\/\/matkaliit.ee\/wp-content\/uploads\/2021\/04\/logo-koodulehele-1.jpg","width":150,"height":137,"caption":"Eesti Matkaliit"},"image":{"@id":"https:\/\/matkaliit.ee\/#\/schema\/logo\/image\/"}}]}},"_links":{"self":[{"href":"https:\/\/matkaliit.ee\/en\/wp-json\/wp\/v2\/pages\/102","targetHints":{"allow":["GET"]}}],"collection":[{"href":"https:\/\/matkaliit.ee\/en\/wp-json\/wp\/v2\/pages"}],"about":[{"href":"https:\/\/matkaliit.ee\/en\/wp-json\/wp\/v2\/types\/page"}],"author":[{"embeddable":true,"href":"https:\/\/matkaliit.ee\/en\/wp-json\/wp\/v2\/users\/1"}],"replies":[{"embeddable":true,"href":"https:\/\/matkaliit.ee\/en\/wp-json\/wp\/v2\/comments?post=102"}],"version-history":[{"count":5,"href":"https:\/\/matkaliit.ee\/en\/wp-json\/wp\/v2\/pages\/102\/revisions"}],"predecessor-version":[{"id":1177,"href":"https:\/\/matkaliit.ee\/en\/wp-json\/wp\/v2\/pages\/102\/revisions\/1177"}],"wp:attachment":[{"href":"https:\/\/matkaliit.ee\/en\/wp-json\/wp\/v2\/media?parent=102"}],"curies":[{"name":"wp","href":"https:\/\/api.w.org\/{rel}","templated":true}]}}