{"id":148,"date":"2021-05-05T16:51:28","date_gmt":"2021-05-05T13:51:28","guid":{"rendered":"https:\/\/www.matkaliit.ee\/?page_id=148"},"modified":"2025-03-06T11:04:35","modified_gmt":"2025-03-06T09:04:35","slug":"liikmesorganisatsioonid","status":"publish","type":"page","link":"https:\/\/matkaliit.ee\/en\/liikmesorganisatsioonid\/","title":{"rendered":"Liikmesorganisatsioonid"},"content":{"rendered":"<table id=\"tablepress-2\" class=\"tablepress tablepress-id-2\">\n<thead>\n<tr class=\"row-1\">\n\t<th class=\"column-1\">Liikmesorganisatsiooni nimi ja aadress<\/th><th class=\"column-2\">Esimees\/e-mail<br \/>\n<\/th><th class=\"column-3\">Kontaktid<\/th>\n<\/tr>\n<\/thead>\n<tbody class=\"row-striping row-hover\">\n<tr class=\"row-2\">\n\t<td class=\"column-1\">&amp; Moments O\u00dc <br \/>\nKase 40a-3 <br \/>\n12012 Tallinn<\/td><td class=\"column-2\">Margus M\u00e4ndmets<br \/>\ninfo(@)andmoments.com<\/td><td class=\"column-3\">+372 58 690 000<br \/>\n<a href=\"http:\/\/www.andmoments.com\/\" target=\"_blank\" rel=\"noopener\">www.andmoments.com<\/a><\/td>\n<\/tr>\n<tr class=\"row-3\">\n\t<td class=\"column-1\">360 KRAADI O\u00dc<br \/>\nViljandi mnt 41<br \/>\nTallinn<br \/>\n<\/td><td class=\"column-2\">Taavi Puuorg<br \/>\ntaavi@360.ee<br \/>\n<br \/>\n <br \/>\n<\/td><td class=\"column-3\">+ 37255607230<br \/>\n<a href=\"https:\/\/www.360.ee\/\" target=\"_blank\" rel=\"noopener\">www.360.ee<\/a><\/td>\n<\/tr>\n<tr class=\"row-4\">\n\t<td class=\"column-1\">Adventurehiking O\u00dc Tallinn<\/td><td class=\"column-2\">Sander Schmidt sander@adventurehiking.ee<\/td><td class=\"column-3\">+372 53450075 <a href=\"https:\/\/www.adventurehiking.ee\/\" target=\"_blank\" rel=\"noopener\">www.adventurehiking.ee<\/a><\/td>\n<\/tr>\n<tr class=\"row-5\">\n\t<td class=\"column-1\">Alpiklubi FIRN<\/td><td class=\"column-2\">Juhani Almers<br \/>\nfirn(@)lists.eenet.ee<\/td><td class=\"column-3\">+ 372 56603774 <br \/>\n<a href=\"http:\/\/www.firn.ee\/index.php\/\" target=\"_blank\" rel=\"noopener\">www.firn.ee<\/a><\/td>\n<\/tr>\n<tr class=\"row-6\">\n\t<td class=\"column-1\">Alutaguse Matkaklubi<br \/>\nJaama 100<br \/>\nKohtla-N\u00f5mme, 30503 Ida-Viru<\/td><td class=\"column-2\">Ingrid Kuligina<br \/>\ningrid(@)matkaklubi.ee<\/td><td class=\"column-3\">+372 514 1692<br \/>\n<a href=\"http:\/\/www.matkaklubi.ee\/\" target=\"_blank\" rel=\"noopener\">www.matkaklubi.ee<\/a><\/td>\n<\/tr>\n<tr class=\"row-7\">\n\t<td class=\"column-1\">Elamus Pluss O\u00dc<br \/>\n<\/td><td class=\"column-2\">Allan Tobi<br \/>\ninfo@elamuspluss.ee<\/td><td class=\"column-3\">+372 5238441<br \/>\r\n<a href=\"http:\/\/www.elamuspluss.ee\/\" target=\"_blank\" rel=\"noopener\">elamuspluss.ee<\/a><\/td>\n<\/tr>\n<tr class=\"row-8\">\n\t<td class=\"column-1\">Harju Matkaklubi<br \/>\n<\/td><td class=\"column-2\">Einar Kivisalu<br \/>\ninfo@matk.ee<\/td><td class=\"column-3\">+372 56607451<br \/>\n<a href=\"http:\/\/www.matk.ee\/\" target=\"_blank\" rel=\"noopener\">www.matk.ee<\/a><\/td>\n<\/tr>\n<tr class=\"row-9\">\n\t<td class=\"column-1\">Matkajuht O\u00dc<br \/>\nP\u00f5lva linn<\/td><td class=\"column-2\">Levo Tohva<br \/>\nlevo(@)matkajuht.ee<\/td><td class=\"column-3\">+372 514 9822<br \/>\n<a href=\"http:\/\/www.matkajuht.ee\/\" target=\"_blank\" rel=\"noopener\">www.matkajuht.ee<\/a><\/td>\n<\/tr>\n<tr class=\"row-10\">\n\t<td class=\"column-1\">MATKaSPORT O\u00dc<br \/>\nTondi 17,<br \/>\n11316, Tallinn<\/td><td class=\"column-2\">Anneli Mere<br \/>\nanneli.mere(@)matkasport.ee<\/td><td class=\"column-3\">+372 509 6953, 681 3130<br \/>\n<a href=\"http:\/\/www.matkasport.ee\/\" target=\"_blank\" rel=\"noopener\">www.matkasport.ee<\/a><\/td>\n<\/tr>\n<tr class=\"row-11\">\n\t<td class=\"column-1\">MT\u00dc Estonian ACE <br \/>\nTallinn<\/td><td class=\"column-2\">Timmo Tammem\u00e4e<br \/>\ninfo@wilderness.ee<\/td><td class=\"column-3\">+372\u00a0529 4233<br \/>\n<a href=\"https:\/\/wilderness.ee\" rel=\"noopener\" target=\"_blank\">https:\/\/wilderness.ee<\/a><\/td>\n<\/tr>\n<tr class=\"row-12\">\n\t<td class=\"column-1\">MT\u00dc Matkamise ja M\u00e4gironimise Edendamise Klubi<\/td><td class=\"column-2\">Kristjan-Erik Suurv\u00e4li<br \/>\r\nkristjan.erik @alpinism.ee <br \/>\r\n<\/td><td class=\"column-3\">+3725175339 <br \/>\r\n<a href=\"https:\/\/www.facebook.com\/Alpinismee\" target=\"_blank\" rel=\"noopener\">alpinism.ee<\/a><\/td>\n<\/tr>\n<tr class=\"row-13\">\n\t<td class=\"column-1\">MT\u00dc Vetev\u00e4li <br \/>\nTallinn <\/td><td class=\"column-2\">Ott V\u00e4li <br \/>\nvetevali@gmail.com<\/td><td class=\"column-3\">+372 5563 4844 <br \/>\n<a href=\"https:\/\/vetevali.voog.com\/et\" target=\"_blank\" rel=\"noopener\">https:\/\/vetevali.voog.com\/et<\/a><\/td>\n<\/tr>\n<tr class=\"row-14\">\n\t<td class=\"column-1\">M\u00e4giekspeditsioonide klubi<br \/>\nMasti 9,<br \/>\n11911 Tallinn<\/td><td class=\"column-2\">Raivo Plumer<br \/>\nraivo.plumer(@)gmail.com<\/td><td class=\"column-3\">+372 511 2241<br \/>\n<a href=\"http:\/\/www.magiklubi.ee\/\" target=\"_blank\" rel=\"noopener\">www.magiklubi.ee<\/a><br \/>\n<br \/>\n<\/td>\n<\/tr>\n<tr class=\"row-15\">\n\t<td class=\"column-1\">Pirita aerutamiseklubi MT\u00dc<\/td><td class=\"column-2\">Teet V\u00e4hesoo piritaaerutamiseklubi@gmail.com<\/td><td class=\"column-3\">+37255536344<br \/>\n<a href=\"http:\/\/www.aerutajapirita.ee\" target=\"_blank\" rel=\"noopener\">aerutajapirita.ee<\/a><\/td>\n<\/tr>\n<tr class=\"row-16\">\n\t<td class=\"column-1\">Puhka Aktiivselt O\u00dc<br \/>\nM\u00e4he tee 25-23 <br \/>\n11912 Tallinn<\/td><td class=\"column-2\">Ain Polma<br \/>\ninfo(@)aktiivnepuhkus.ee<\/td><td class=\"column-3\">+372 504 6019<br \/>\n<a href=\"http:\/\/www.aktiivnepuhkus.ee\/\" target=\"_blank\" rel=\"noopener\">www.aktiivnepuhkus.ee<\/a><\/td>\n<\/tr>\n<tr class=\"row-17\">\n\t<td class=\"column-1\">P\u00f5lva Matkaklubi<br \/>\nK\u00e4isi 11, <br \/>\n63308 P\u00f5lva<\/td><td class=\"column-2\">Meelis Maidla polva.matkaklubi(@)gmail.com<\/td><td class=\"column-3\">+372 526 8715<br \/>\n<a href=\"http:\/\/www.matkaja.ee\/\" target=\"_blank\" rel=\"noopener\">www.matkaja.ee<\/a><\/td>\n<\/tr>\n<tr class=\"row-18\">\n\t<td class=\"column-1\">Reimann Retked O\u00dc<br \/>\nTallinn<\/td><td class=\"column-2\">Mart Reimann<br \/>\nmart(@)retked.ee<\/td><td class=\"column-3\">+372 511 4099<br \/>\n<a href=\"http:\/\/www.retked.ee\/\" target=\"_blank\" rel=\"noopener\">www.retked.ee<\/a><\/td>\n<\/tr>\n<tr class=\"row-19\">\n\t<td class=\"column-1\">Ridala Matkaklubi<\/td><td class=\"column-2\">Tiit Aedviir <br \/>\ninfo@ridalamatkaklubi.ee<\/td><td class=\"column-3\">+37255698590<\/td>\n<\/tr>\n<tr class=\"row-20\">\n\t<td class=\"column-1\">Sea Kayaking Estonia O\u00dc<br \/>\nKaruskose, Sandra k\u00fcla, P\u00f5hja-Sakala vald, Viljandi maakond, 71309<\/td><td class=\"column-2\">Mariell J\u00fcssi<br \/>\ninfo(@)seakayakingestonia.com<\/td><td class=\"column-3\">+372 5662 9515<br \/>\n+372 5694 2920<br \/>\n<a href=\"http:\/\/www.seakayakingestonia.com\/\" target=\"_blank\" rel=\"noopener\">www.seakayakingestonia.com<\/a><\/td>\n<\/tr>\n<tr class=\"row-21\">\n\t<td class=\"column-1\">Seiklusring O\u00dc<br \/>\nP\u00e4rna 18-9, M\u00e4rjamaa 78302, Raplamaa<\/td><td class=\"column-2\">Valdo Kangur<br \/>\nvaldokangur(@)gmail.com<\/td><td class=\"column-3\">+372 5664 5916<br \/>\n<a href=\"http:\/\/www.seiklusring.ee\/\" target=\"_blank\" rel=\"noopener\">www.seiklusring.ee<\/a><\/td>\n<\/tr>\n<tr class=\"row-22\">\n\t<td class=\"column-1\">Seiklusspordiklubi X-TEAM MT\u00dc<\/td><td class=\"column-2\">Heigo P\u00f5ld<br \/>\nHeigo(@)xtsport.ee<\/td><td class=\"column-3\">+372 5106991<br \/>\n<a href=\"http:\/\/www.xtsport.ee\/\" target=\"_blank\" rel=\"noopener\">www.xtsport.ee\/<\/a><\/td>\n<\/tr>\n<tr class=\"row-23\">\n\t<td class=\"column-1\">Skift MT\u00dc<\/td><td class=\"column-2\">Liisi Kasuk<br \/>\ninfo@skift.ee<br \/>\n<\/td><td class=\"column-3\">+ 372 56922805<br \/>\n<a href=\"\/\/www.skift.ee\/\" target=\"_blank\" rel=\"noopener\">www.skift.ee<\/a><br \/>\n<br \/>\n<\/td>\n<\/tr>\n<tr class=\"row-24\">\n\t<td class=\"column-1\">Sportland Eesti AS<br \/>\nP\u00e4rnu mnt 142a, <br \/>\n11317 Tallinn<\/td><td class=\"column-2\">Margus M\u00e4ll<br \/>\nmargus.mall@sportland.ee <\/td><td class=\"column-3\">+372 503 4233 <br \/>\n<a href=\"http:\/\/www.korvemaa.ee\/\" target=\"_blank\" rel=\"noopener\">www.korvemaa.ee<\/a><\/td>\n<\/tr>\n<tr class=\"row-25\">\n\t<td class=\"column-1\">TrekZone O\u00dc<br \/>\nMaardu<\/td><td class=\"column-2\">Martin Suga<br \/>\n info@trekzone.ee<\/td><td class=\"column-3\">+372 56800660 <br \/>\n<a href=\"https:\/\/trekzone.ee\/\" target=\"_blank\" rel=\"noopener\">trekzone.ee\/<\/a><br \/>\n<\/td>\n<\/tr>\n<tr class=\"row-26\">\n\t<td class=\"column-1\">Viis aastaaega O\u00dc<br \/>\nP\u00e4rnu maakond, Tori vald, Tohera k\u00fcla, Viiraste, 86819<\/td><td class=\"column-2\">Aivar Ruukel<br \/>\ninfo(@)soomaa.com<\/td><td class=\"column-3\">+372 506 1896<br \/>\n<a href=\"https:\/\/www.soomaa.com\/\" target=\"_blank\" rel=\"noopener\">www.soomaa.com<\/a><\/td>\n<\/tr>\n<\/tbody>\n<\/table>\n<!-- #tablepress-2 from cache -->\n<p>Kui soovid ka enda organisatsiooni tuua Eesti Matkaliidu liikmeks, laadi alla sooviavalduse ankeet <a href=\"https:\/\/drive.google.com\/file\/d\/1uOqeWsTMopAJlrqbh9IUPVdaNaSFyLvT\/view\">siit<\/a> ning saada see t\u00e4idetuna ja digitaalselt allkirjastatuna aadressile info@matkaliit.ee, kirjeldades l\u00fchidalt paari lausega liitumissoovi p\u00f5hjuseid ning enda organisatsiooni tegevuse seost matkamisega.<\/p>","protected":false},"excerpt":{"rendered":"<p>Kui soovid ka enda organisatsiooni tuua Eesti Matkaliidu liikmeks, laadi alla sooviavalduse ankeet siit ning saada see t\u00e4idetuna ja digitaalselt allkirjastatuna aadressile info@matkaliit.ee, kirjeldades l\u00fchidalt paari lausega liitumissoovi p\u00f5hjuseid ning enda organisatsiooni tegevuse seost matkamisega.<\/p>","protected":false},"author":1,"featured_media":0,"parent":0,"menu_order":0,"comment_status":"closed","ping_status":"closed","template":"","meta":{"footnotes":""},"class_list":["post-148","page","type-page","status-publish","hentry"],"yoast_head":"<!-- This site is optimized with the Yoast SEO plugin v27.4 - https:\/\/yoast.com\/product\/yoast-seo-wordpress\/ -->\n<title>Liikmesorganisatsioonid - Eesti Matkaliit<\/title>\n<meta name=\"robots\" content=\"index, follow, max-snippet:-1, max-image-preview:large, max-video-preview:-1\" \/>\n<link rel=\"canonical\" href=\"https:\/\/matkaliit.ee\/en\/liikmesorganisatsioonid\/\" \/>\n<meta property=\"og:locale\" content=\"en_GB\" \/>\n<meta property=\"og:type\" content=\"article\" \/>\n<meta property=\"og:title\" content=\"Liikmesorganisatsioonid - Eesti Matkaliit\" \/>\n<meta property=\"og:description\" content=\"Kui soovid ka enda organisatsiooni tuua Eesti Matkaliidu liikmeks, laadi alla sooviavalduse ankeet siit ning saada see t\u00e4idetuna ja digitaalselt allkirjastatuna aadressile info@matkaliit.ee, kirjeldades l\u00fchidalt paari lausega liitumissoovi p\u00f5hjuseid ning enda organisatsiooni tegevuse seost matkamisega.\" \/>\n<meta property=\"og:url\" content=\"https:\/\/matkaliit.ee\/en\/liikmesorganisatsioonid\/\" \/>\n<meta property=\"og:site_name\" content=\"Eesti Matkaliit\" \/>\n<meta property=\"article:modified_time\" content=\"2025-03-06T09:04:35+00:00\" \/>\n<meta name=\"twitter:card\" content=\"summary_large_image\" \/>\n<meta name=\"twitter:label1\" content=\"Estimated reading time\" \/>\n\t<meta name=\"twitter:data1\" content=\"1 minute\" \/>\n<script type=\"application\/ld+json\" class=\"yoast-schema-graph\">{\"@context\":\"https:\\\/\\\/schema.org\",\"@graph\":[{\"@type\":\"WebPage\",\"@id\":\"https:\\\/\\\/matkaliit.ee\\\/liikmesorganisatsioonid\\\/\",\"url\":\"https:\\\/\\\/matkaliit.ee\\\/liikmesorganisatsioonid\\\/\",\"name\":\"Liikmesorganisatsioonid - Eesti Matkaliit\",\"isPartOf\":{\"@id\":\"https:\\\/\\\/www.matkaliit.ee\\\/#website\"},\"datePublished\":\"2021-05-05T13:51:28+00:00\",\"dateModified\":\"2025-03-06T09:04:35+00:00\",\"breadcrumb\":{\"@id\":\"https:\\\/\\\/matkaliit.ee\\\/liikmesorganisatsioonid\\\/#breadcrumb\"},\"inLanguage\":\"en-GB\",\"potentialAction\":[{\"@type\":\"ReadAction\",\"target\":[\"https:\\\/\\\/matkaliit.ee\\\/liikmesorganisatsioonid\\\/\"]}]},{\"@type\":\"BreadcrumbList\",\"@id\":\"https:\\\/\\\/matkaliit.ee\\\/liikmesorganisatsioonid\\\/#breadcrumb\",\"itemListElement\":[{\"@type\":\"ListItem\",\"position\":1,\"name\":\"Home\",\"item\":\"https:\\\/\\\/www.matkaliit.ee\\\/\"},{\"@type\":\"ListItem\",\"position\":2,\"name\":\"Liikmesorganisatsioonid\"}]},{\"@type\":\"WebSite\",\"@id\":\"https:\\\/\\\/www.matkaliit.ee\\\/#website\",\"url\":\"https:\\\/\\\/www.matkaliit.ee\\\/\",\"name\":\"Eesti Matkaliit\",\"description\":\"\",\"publisher\":{\"@id\":\"https:\\\/\\\/www.matkaliit.ee\\\/#organization\"},\"potentialAction\":[{\"@type\":\"SearchAction\",\"target\":{\"@type\":\"EntryPoint\",\"urlTemplate\":\"https:\\\/\\\/www.matkaliit.ee\\\/?s={search_term_string}\"},\"query-input\":{\"@type\":\"PropertyValueSpecification\",\"valueRequired\":true,\"valueName\":\"search_term_string\"}}],\"inLanguage\":\"en-GB\"},{\"@type\":\"Organization\",\"@id\":\"https:\\\/\\\/www.matkaliit.ee\\\/#organization\",\"name\":\"Eesti Matkaliit\",\"url\":\"https:\\\/\\\/www.matkaliit.ee\\\/\",\"logo\":{\"@type\":\"ImageObject\",\"inLanguage\":\"en-GB\",\"@id\":\"https:\\\/\\\/www.matkaliit.ee\\\/#\\\/schema\\\/logo\\\/image\\\/\",\"url\":\"https:\\\/\\\/www.matkaliit.ee\\\/wp-content\\\/uploads\\\/2021\\\/04\\\/logo-koodulehele-1.jpg\",\"contentUrl\":\"https:\\\/\\\/www.matkaliit.ee\\\/wp-content\\\/uploads\\\/2021\\\/04\\\/logo-koodulehele-1.jpg\",\"width\":150,\"height\":137,\"caption\":\"Eesti Matkaliit\"},\"image\":{\"@id\":\"https:\\\/\\\/www.matkaliit.ee\\\/#\\\/schema\\\/logo\\\/image\\\/\"}}]}<\/script>\n<!-- \/ Yoast SEO plugin. -->","yoast_head_json":{"title":"Liikmesorganisatsioonid - Eesti Matkaliit","robots":{"index":"index","follow":"follow","max-snippet":"max-snippet:-1","max-image-preview":"max-image-preview:large","max-video-preview":"max-video-preview:-1"},"canonical":"https:\/\/matkaliit.ee\/en\/liikmesorganisatsioonid\/","og_locale":"en_GB","og_type":"article","og_title":"Liikmesorganisatsioonid - Eesti Matkaliit","og_description":"Kui soovid ka enda organisatsiooni tuua Eesti Matkaliidu liikmeks, laadi alla sooviavalduse ankeet siit ning saada see t\u00e4idetuna ja digitaalselt allkirjastatuna aadressile info@matkaliit.ee, kirjeldades l\u00fchidalt paari lausega liitumissoovi p\u00f5hjuseid ning enda organisatsiooni tegevuse seost matkamisega.","og_url":"https:\/\/matkaliit.ee\/en\/liikmesorganisatsioonid\/","og_site_name":"Eesti Matkaliit","article_modified_time":"2025-03-06T09:04:35+00:00","twitter_card":"summary_large_image","twitter_misc":{"Estimated reading time":"1 minute"},"schema":{"@context":"https:\/\/schema.org","@graph":[{"@type":"WebPage","@id":"https:\/\/matkaliit.ee\/liikmesorganisatsioonid\/","url":"https:\/\/matkaliit.ee\/liikmesorganisatsioonid\/","name":"Liikmesorganisatsioonid - Eesti Matkaliit","isPartOf":{"@id":"https:\/\/www.matkaliit.ee\/#website"},"datePublished":"2021-05-05T13:51:28+00:00","dateModified":"2025-03-06T09:04:35+00:00","breadcrumb":{"@id":"https:\/\/matkaliit.ee\/liikmesorganisatsioonid\/#breadcrumb"},"inLanguage":"en-GB","potentialAction":[{"@type":"ReadAction","target":["https:\/\/matkaliit.ee\/liikmesorganisatsioonid\/"]}]},{"@type":"BreadcrumbList","@id":"https:\/\/matkaliit.ee\/liikmesorganisatsioonid\/#breadcrumb","itemListElement":[{"@type":"ListItem","position":1,"name":"Home","item":"https:\/\/www.matkaliit.ee\/"},{"@type":"ListItem","position":2,"name":"Liikmesorganisatsioonid"}]},{"@type":"WebSite","@id":"https:\/\/www.matkaliit.ee\/#website","url":"https:\/\/www.matkaliit.ee\/","name":"Eesti Matkaliit","description":"","publisher":{"@id":"https:\/\/www.matkaliit.ee\/#organization"},"potentialAction":[{"@type":"SearchAction","target":{"@type":"EntryPoint","urlTemplate":"https:\/\/www.matkaliit.ee\/?s={search_term_string}"},"query-input":{"@type":"PropertyValueSpecification","valueRequired":true,"valueName":"search_term_string"}}],"inLanguage":"en-GB"},{"@type":"Organization","@id":"https:\/\/www.matkaliit.ee\/#organization","name":"Eesti Matkaliit","url":"https:\/\/www.matkaliit.ee\/","logo":{"@type":"ImageObject","inLanguage":"en-GB","@id":"https:\/\/www.matkaliit.ee\/#\/schema\/logo\/image\/","url":"https:\/\/www.matkaliit.ee\/wp-content\/uploads\/2021\/04\/logo-koodulehele-1.jpg","contentUrl":"https:\/\/www.matkaliit.ee\/wp-content\/uploads\/2021\/04\/logo-koodulehele-1.jpg","width":150,"height":137,"caption":"Eesti Matkaliit"},"image":{"@id":"https:\/\/www.matkaliit.ee\/#\/schema\/logo\/image\/"}}]}},"_links":{"self":[{"href":"https:\/\/matkaliit.ee\/en\/wp-json\/wp\/v2\/pages\/148","targetHints":{"allow":["GET"]}}],"collection":[{"href":"https:\/\/matkaliit.ee\/en\/wp-json\/wp\/v2\/pages"}],"about":[{"href":"https:\/\/matkaliit.ee\/en\/wp-json\/wp\/v2\/types\/page"}],"author":[{"embeddable":true,"href":"https:\/\/matkaliit.ee\/en\/wp-json\/wp\/v2\/users\/1"}],"replies":[{"embeddable":true,"href":"https:\/\/matkaliit.ee\/en\/wp-json\/wp\/v2\/comments?post=148"}],"version-history":[{"count":5,"href":"https:\/\/matkaliit.ee\/en\/wp-json\/wp\/v2\/pages\/148\/revisions"}],"predecessor-version":[{"id":1143,"href":"https:\/\/matkaliit.ee\/en\/wp-json\/wp\/v2\/pages\/148\/revisions\/1143"}],"wp:attachment":[{"href":"https:\/\/matkaliit.ee\/en\/wp-json\/wp\/v2\/media?parent=148"}],"curies":[{"name":"wp","href":"https:\/\/api.w.org\/{rel}","templated":true}]}}