{"id":306,"date":"2022-02-21T21:55:28","date_gmt":"2022-02-21T19:55:28","guid":{"rendered":"https:\/\/matkaliit.ee\/?page_id=306"},"modified":"2025-02-27T14:30:28","modified_gmt":"2025-02-27T12:30:28","slug":"varustuse-rent-ja-muuk","status":"publish","type":"page","link":"https:\/\/matkaliit.ee\/en\/varustuse-rent-ja-muuk\/","title":{"rendered":"Varustuse m\u00fc\u00fck"},"content":{"rendered":"<h2><a href=\"https:\/\/matkasport.ee\/\" target=\"_blank\" rel=\"noopener\">Matkasport<\/a><\/h2>\n<p><img fetchpriority=\"high\" decoding=\"async\" class=\"alignnone wp-image-315\" src=\"https:\/\/matkaliit.ee\/wp-content\/uploads\/2022\/02\/MATKASPORTlogo-copy-300x226.jpg\" alt=\"Matkasport\" width=\"262\" height=\"197\" srcset=\"https:\/\/www.matkaliit.ee\/wp-content\/uploads\/2022\/02\/MATKASPORTlogo-copy-300x226.jpg 300w, https:\/\/www.matkaliit.ee\/wp-content\/uploads\/2022\/02\/MATKASPORTlogo-copy-1024x770.jpg 1024w, https:\/\/www.matkaliit.ee\/wp-content\/uploads\/2022\/02\/MATKASPORTlogo-copy-768x578.jpg 768w, https:\/\/www.matkaliit.ee\/wp-content\/uploads\/2022\/02\/MATKASPORTlogo-copy-1536x1155.jpg 1536w, https:\/\/www.matkaliit.ee\/wp-content\/uploads\/2022\/02\/MATKASPORTlogo-copy-16x12.jpg 16w, https:\/\/www.matkaliit.ee\/wp-content\/uploads\/2022\/02\/MATKASPORTlogo-copy.jpg 1570w\" sizes=\"(max-width: 262px) 100vw, 262px\" \/><\/p>\n<p>MATKaSPORT on Eestis arendanud matka- ja seiklusspordi kultuuri, toonud maale ja m\u00fc\u00fcnud kvaliteetseid matkakaupu juba \u00fcle 25 aasta. Kliki end matkavarustuse e-poodi ja leia lahendus matkavarustuse soetamiseks.<\/p>","protected":false},"excerpt":{"rendered":"<p>Matkasport MATKaSPORT on Eestis arendanud matka- ja seiklusspordi kultuuri, toonud maale ja m\u00fc\u00fcnud kvaliteetseid matkakaupu juba \u00fcle 25 aasta. Kliki end matkavarustuse e-poodi ja leia lahendus matkavarustuse soetamiseks.<\/p>","protected":false},"author":1,"featured_media":0,"parent":0,"menu_order":0,"comment_status":"closed","ping_status":"closed","template":"","meta":{"footnotes":""},"class_list":["post-306","page","type-page","status-publish","hentry"],"yoast_head":"<!-- This site is optimized with the Yoast SEO plugin v27.4 - https:\/\/yoast.com\/product\/yoast-seo-wordpress\/ -->\n<title>Varustuse m\u00fc\u00fck - Eesti Matkaliit<\/title>\n<meta name=\"robots\" content=\"index, follow, max-snippet:-1, max-image-preview:large, max-video-preview:-1\" \/>\n<link rel=\"canonical\" href=\"https:\/\/matkaliit.ee\/en\/varustuse-rent-ja-muuk\/\" \/>\n<meta property=\"og:locale\" content=\"en_GB\" \/>\n<meta property=\"og:type\" content=\"article\" \/>\n<meta property=\"og:title\" content=\"Varustuse m\u00fc\u00fck - Eesti Matkaliit\" \/>\n<meta property=\"og:description\" content=\"Matkasport MATKaSPORT on Eestis arendanud matka- ja seiklusspordi kultuuri, toonud maale ja m\u00fc\u00fcnud kvaliteetseid matkakaupu juba \u00fcle 25 aasta. Kliki end matkavarustuse e-poodi ja leia lahendus matkavarustuse soetamiseks.\" \/>\n<meta property=\"og:url\" content=\"https:\/\/matkaliit.ee\/en\/varustuse-rent-ja-muuk\/\" \/>\n<meta property=\"og:site_name\" content=\"Eesti Matkaliit\" \/>\n<meta property=\"article:modified_time\" content=\"2025-02-27T12:30:28+00:00\" \/>\n<meta property=\"og:image\" content=\"https:\/\/matkaliit.ee\/wp-content\/uploads\/2022\/02\/MATKASPORTlogo-copy-300x226.jpg\" \/>\n<meta name=\"twitter:card\" content=\"summary_large_image\" \/>\n<meta name=\"twitter:label1\" content=\"Estimated reading time\" \/>\n\t<meta name=\"twitter:data1\" content=\"1 minute\" \/>\n<script type=\"application\/ld+json\" class=\"yoast-schema-graph\">{\"@context\":\"https:\\\/\\\/schema.org\",\"@graph\":[{\"@type\":\"WebPage\",\"@id\":\"https:\\\/\\\/matkaliit.ee\\\/en\\\/varustuse-rent-ja-muuk\\\/\",\"url\":\"https:\\\/\\\/matkaliit.ee\\\/en\\\/varustuse-rent-ja-muuk\\\/\",\"name\":\"Varustuse m\u00fc\u00fck - Eesti Matkaliit\",\"isPartOf\":{\"@id\":\"https:\\\/\\\/matkaliit.ee\\\/#website\"},\"primaryImageOfPage\":{\"@id\":\"https:\\\/\\\/matkaliit.ee\\\/en\\\/varustuse-rent-ja-muuk\\\/#primaryimage\"},\"image\":{\"@id\":\"https:\\\/\\\/matkaliit.ee\\\/en\\\/varustuse-rent-ja-muuk\\\/#primaryimage\"},\"thumbnailUrl\":\"https:\\\/\\\/matkaliit.ee\\\/wp-content\\\/uploads\\\/2022\\\/02\\\/MATKASPORTlogo-copy-300x226.jpg\",\"datePublished\":\"2022-02-21T19:55:28+00:00\",\"dateModified\":\"2025-02-27T12:30:28+00:00\",\"breadcrumb\":{\"@id\":\"https:\\\/\\\/matkaliit.ee\\\/en\\\/varustuse-rent-ja-muuk\\\/#breadcrumb\"},\"inLanguage\":\"en-GB\",\"potentialAction\":[{\"@type\":\"ReadAction\",\"target\":[\"https:\\\/\\\/matkaliit.ee\\\/en\\\/varustuse-rent-ja-muuk\\\/\"]}]},{\"@type\":\"ImageObject\",\"inLanguage\":\"en-GB\",\"@id\":\"https:\\\/\\\/matkaliit.ee\\\/en\\\/varustuse-rent-ja-muuk\\\/#primaryimage\",\"url\":\"https:\\\/\\\/matkaliit.ee\\\/wp-content\\\/uploads\\\/2022\\\/02\\\/MATKASPORTlogo-copy-300x226.jpg\",\"contentUrl\":\"https:\\\/\\\/matkaliit.ee\\\/wp-content\\\/uploads\\\/2022\\\/02\\\/MATKASPORTlogo-copy-300x226.jpg\"},{\"@type\":\"BreadcrumbList\",\"@id\":\"https:\\\/\\\/matkaliit.ee\\\/en\\\/varustuse-rent-ja-muuk\\\/#breadcrumb\",\"itemListElement\":[{\"@type\":\"ListItem\",\"position\":1,\"name\":\"Home\",\"item\":\"https:\\\/\\\/matkaliit.ee\\\/\"},{\"@type\":\"ListItem\",\"position\":2,\"name\":\"Varustuse m\u00fc\u00fck\"}]},{\"@type\":\"WebSite\",\"@id\":\"https:\\\/\\\/matkaliit.ee\\\/#website\",\"url\":\"https:\\\/\\\/matkaliit.ee\\\/\",\"name\":\"Eesti Matkaliit\",\"description\":\"\",\"publisher\":{\"@id\":\"https:\\\/\\\/matkaliit.ee\\\/#organization\"},\"potentialAction\":[{\"@type\":\"SearchAction\",\"target\":{\"@type\":\"EntryPoint\",\"urlTemplate\":\"https:\\\/\\\/matkaliit.ee\\\/?s={search_term_string}\"},\"query-input\":{\"@type\":\"PropertyValueSpecification\",\"valueRequired\":true,\"valueName\":\"search_term_string\"}}],\"inLanguage\":\"en-GB\"},{\"@type\":\"Organization\",\"@id\":\"https:\\\/\\\/matkaliit.ee\\\/#organization\",\"name\":\"Eesti Matkaliit\",\"url\":\"https:\\\/\\\/matkaliit.ee\\\/\",\"logo\":{\"@type\":\"ImageObject\",\"inLanguage\":\"en-GB\",\"@id\":\"https:\\\/\\\/matkaliit.ee\\\/#\\\/schema\\\/logo\\\/image\\\/\",\"url\":\"https:\\\/\\\/www.matkaliit.ee\\\/wp-content\\\/uploads\\\/2021\\\/04\\\/logo-koodulehele-1.jpg\",\"contentUrl\":\"https:\\\/\\\/www.matkaliit.ee\\\/wp-content\\\/uploads\\\/2021\\\/04\\\/logo-koodulehele-1.jpg\",\"width\":150,\"height\":137,\"caption\":\"Eesti Matkaliit\"},\"image\":{\"@id\":\"https:\\\/\\\/matkaliit.ee\\\/#\\\/schema\\\/logo\\\/image\\\/\"}}]}<\/script>\n<!-- \/ Yoast SEO plugin. -->","yoast_head_json":{"title":"Varustuse m\u00fc\u00fck - Eesti Matkaliit","robots":{"index":"index","follow":"follow","max-snippet":"max-snippet:-1","max-image-preview":"max-image-preview:large","max-video-preview":"max-video-preview:-1"},"canonical":"https:\/\/matkaliit.ee\/en\/varustuse-rent-ja-muuk\/","og_locale":"en_GB","og_type":"article","og_title":"Varustuse m\u00fc\u00fck - Eesti Matkaliit","og_description":"Matkasport MATKaSPORT on Eestis arendanud matka- ja seiklusspordi kultuuri, toonud maale ja m\u00fc\u00fcnud kvaliteetseid matkakaupu juba \u00fcle 25 aasta. Kliki end matkavarustuse e-poodi ja leia lahendus matkavarustuse soetamiseks.","og_url":"https:\/\/matkaliit.ee\/en\/varustuse-rent-ja-muuk\/","og_site_name":"Eesti Matkaliit","article_modified_time":"2025-02-27T12:30:28+00:00","og_image":[{"url":"https:\/\/matkaliit.ee\/wp-content\/uploads\/2022\/02\/MATKASPORTlogo-copy-300x226.jpg","type":"","width":"","height":""}],"twitter_card":"summary_large_image","twitter_misc":{"Estimated reading time":"1 minute"},"schema":{"@context":"https:\/\/schema.org","@graph":[{"@type":"WebPage","@id":"https:\/\/matkaliit.ee\/en\/varustuse-rent-ja-muuk\/","url":"https:\/\/matkaliit.ee\/en\/varustuse-rent-ja-muuk\/","name":"Varustuse m\u00fc\u00fck - Eesti Matkaliit","isPartOf":{"@id":"https:\/\/matkaliit.ee\/#website"},"primaryImageOfPage":{"@id":"https:\/\/matkaliit.ee\/en\/varustuse-rent-ja-muuk\/#primaryimage"},"image":{"@id":"https:\/\/matkaliit.ee\/en\/varustuse-rent-ja-muuk\/#primaryimage"},"thumbnailUrl":"https:\/\/matkaliit.ee\/wp-content\/uploads\/2022\/02\/MATKASPORTlogo-copy-300x226.jpg","datePublished":"2022-02-21T19:55:28+00:00","dateModified":"2025-02-27T12:30:28+00:00","breadcrumb":{"@id":"https:\/\/matkaliit.ee\/en\/varustuse-rent-ja-muuk\/#breadcrumb"},"inLanguage":"en-GB","potentialAction":[{"@type":"ReadAction","target":["https:\/\/matkaliit.ee\/en\/varustuse-rent-ja-muuk\/"]}]},{"@type":"ImageObject","inLanguage":"en-GB","@id":"https:\/\/matkaliit.ee\/en\/varustuse-rent-ja-muuk\/#primaryimage","url":"https:\/\/matkaliit.ee\/wp-content\/uploads\/2022\/02\/MATKASPORTlogo-copy-300x226.jpg","contentUrl":"https:\/\/matkaliit.ee\/wp-content\/uploads\/2022\/02\/MATKASPORTlogo-copy-300x226.jpg"},{"@type":"BreadcrumbList","@id":"https:\/\/matkaliit.ee\/en\/varustuse-rent-ja-muuk\/#breadcrumb","itemListElement":[{"@type":"ListItem","position":1,"name":"Home","item":"https:\/\/matkaliit.ee\/"},{"@type":"ListItem","position":2,"name":"Varustuse m\u00fc\u00fck"}]},{"@type":"WebSite","@id":"https:\/\/matkaliit.ee\/#website","url":"https:\/\/matkaliit.ee\/","name":"Eesti Matkaliit","description":"","publisher":{"@id":"https:\/\/matkaliit.ee\/#organization"},"potentialAction":[{"@type":"SearchAction","target":{"@type":"EntryPoint","urlTemplate":"https:\/\/matkaliit.ee\/?s={search_term_string}"},"query-input":{"@type":"PropertyValueSpecification","valueRequired":true,"valueName":"search_term_string"}}],"inLanguage":"en-GB"},{"@type":"Organization","@id":"https:\/\/matkaliit.ee\/#organization","name":"Eesti Matkaliit","url":"https:\/\/matkaliit.ee\/","logo":{"@type":"ImageObject","inLanguage":"en-GB","@id":"https:\/\/matkaliit.ee\/#\/schema\/logo\/image\/","url":"https:\/\/www.matkaliit.ee\/wp-content\/uploads\/2021\/04\/logo-koodulehele-1.jpg","contentUrl":"https:\/\/www.matkaliit.ee\/wp-content\/uploads\/2021\/04\/logo-koodulehele-1.jpg","width":150,"height":137,"caption":"Eesti Matkaliit"},"image":{"@id":"https:\/\/matkaliit.ee\/#\/schema\/logo\/image\/"}}]}},"_links":{"self":[{"href":"https:\/\/matkaliit.ee\/en\/wp-json\/wp\/v2\/pages\/306","targetHints":{"allow":["GET"]}}],"collection":[{"href":"https:\/\/matkaliit.ee\/en\/wp-json\/wp\/v2\/pages"}],"about":[{"href":"https:\/\/matkaliit.ee\/en\/wp-json\/wp\/v2\/types\/page"}],"author":[{"embeddable":true,"href":"https:\/\/matkaliit.ee\/en\/wp-json\/wp\/v2\/users\/1"}],"replies":[{"embeddable":true,"href":"https:\/\/matkaliit.ee\/en\/wp-json\/wp\/v2\/comments?post=306"}],"version-history":[{"count":5,"href":"https:\/\/matkaliit.ee\/en\/wp-json\/wp\/v2\/pages\/306\/revisions"}],"predecessor-version":[{"id":1045,"href":"https:\/\/matkaliit.ee\/en\/wp-json\/wp\/v2\/pages\/306\/revisions\/1045"}],"wp:attachment":[{"href":"https:\/\/matkaliit.ee\/en\/wp-json\/wp\/v2\/media?parent=306"}],"curies":[{"name":"wp","href":"https:\/\/api.w.org\/{rel}","templated":true}]}}