{"id":65,"date":"2021-04-07T19:10:57","date_gmt":"2021-04-07T19:10:57","guid":{"rendered":"https:\/\/matkaliit.ee\/?page_id=65"},"modified":"2025-03-06T11:02:13","modified_gmt":"2025-03-06T09:02:13","slug":"kontakt","status":"publish","type":"page","link":"https:\/\/matkaliit.ee\/en\/kontakt\/","title":{"rendered":"Kontakt"},"content":{"rendered":"<p>K\u00fcsimuste korral kirjuta Eesti Matkaliidu \u00fcldmeilile <strong>info@matkaliit.ee<\/strong><\/p>\n<p><strong>Juhatus:<\/strong><br \/>\n\n<table id=\"tablepress-1\" class=\"tablepress tablepress-id-1\">\n<tbody class=\"row-striping row-hover\">\n<tr class=\"row-1\">\n\t<td class=\"column-1\">Rene Valner<\/td><td class=\"column-2\">rene@matkaliit.ee<\/td><td class=\"column-3\">5694 2920<\/td>\n<\/tr>\n<tr class=\"row-2\">\n\t<td class=\"column-1\">Ainika \u00d6\u00f6pik<\/td><td class=\"column-2\">ainika@matkaliit.ee<\/td><td class=\"column-3\"><\/td>\n<\/tr>\n<tr class=\"row-3\">\n\t<td class=\"column-1\">Fred Viidul<\/td><td class=\"column-2\">fred@matkaliit.ee<\/td><td class=\"column-3\"><\/td>\n<\/tr>\n<tr class=\"row-4\">\n\t<td class=\"column-1\">Katrin Merisalu<\/td><td class=\"column-2\">katrin@matkaliit.ee<\/td><td class=\"column-3\"><\/td>\n<\/tr>\n<tr class=\"row-5\">\n\t<td class=\"column-1\">Kristjan-Erik Suurv\u00e4li<\/td><td class=\"column-2\">kristjan-erik@matkaliit.ee<\/td><td class=\"column-3\"><\/td>\n<\/tr>\n<tr class=\"row-6\">\n\t<td class=\"column-1\">Martin Suga<\/td><td class=\"column-2\">martin@matkaliit.ee<\/td><td class=\"column-3\">56800660<\/td>\n<\/tr>\n<\/tbody>\n<\/table>\n<!-- #tablepress-1 from cache --><\/p>\n<p>Eesti Matkaliit MT\u00dc<br \/>\nReg-nr: 80031865<br \/>\nArveldusarve: SEB Pank AS EE411010052032018008<\/p>\n<p><strong>Juriidiline aadress:<\/strong><br \/>\nRaekoja plats 18, 10146 Tallinn<\/p>\n<p><strong>Postiaadress:<\/strong><br \/>\nTondi 17, 11313 Tallinn<\/p>\n<p>Eesti Matkaliit j\u00e4rgib oma tegevuses vaba\u00fchenduste tegevuse eetilisi p\u00f5him\u00f5tteid.<\/p>\n<p>Kui soovid ka enda organisatsiooni tuua Eesti Matkaliidu liikmeks, laadi alla sooviavalduse ankeet <a href=\"https:\/\/drive.google.com\/file\/d\/1uOqeWsTMopAJlrqbh9IUPVdaNaSFyLvT\/view\">siit<\/a> ning saada see t\u00e4idetuna ja digitaalselt allkirjastatuna aadressile info@matkaliit.ee, kirjeldades l\u00fchidalt paari lausega liitumissoovi p\u00f5hjuseid ning enda organisatsiooni tegevuse seost matkamisega.<\/p>","protected":false},"excerpt":{"rendered":"<p>K\u00fcsimuste korral kirjuta Eesti Matkaliidu \u00fcldmeilile info@matkaliit.ee Juhatus: Eesti Matkaliit MT\u00dc Reg-nr: 80031865 Arveldusarve: SEB Pank AS EE411010052032018008 Juriidiline aadress: Raekoja plats 18, 10146 Tallinn Postiaadress: Tondi 17, 11313 Tallinn Eesti Matkaliit j\u00e4rgib oma tegevuses vaba\u00fchenduste tegevuse eetilisi p\u00f5him\u00f5tteid. Kui soovid ka enda organisatsiooni tuua Eesti Matkaliidu liikmeks, laadi alla sooviavalduse ankeet siit ning saada<\/p>\n<div class='read-more-button'><a class='read-more-link' href='https:\/\/matkaliit.ee\/en\/kontakt\/' style='border: 1px solid #3f83bf'>Read more&#8230;<\/a><\/div>","protected":false},"author":1,"featured_media":0,"parent":0,"menu_order":0,"comment_status":"closed","ping_status":"closed","template":"","meta":{"footnotes":""},"class_list":["post-65","page","type-page","status-publish","hentry"],"yoast_head":"<!-- This site is optimized with the Yoast SEO plugin v27.4 - https:\/\/yoast.com\/product\/yoast-seo-wordpress\/ -->\n<title>Kontakt - Eesti Matkaliit<\/title>\n<meta name=\"robots\" content=\"index, follow, max-snippet:-1, max-image-preview:large, max-video-preview:-1\" \/>\n<link rel=\"canonical\" href=\"https:\/\/www.matkaliit.ee\/kontakt\/\" \/>\n<meta property=\"og:locale\" content=\"en_GB\" \/>\n<meta property=\"og:type\" content=\"article\" \/>\n<meta property=\"og:title\" content=\"Kontakt - Eesti Matkaliit\" \/>\n<meta property=\"og:description\" content=\"K\u00fcsimuste korral kirjuta Eesti Matkaliidu \u00fcldmeilile info@matkaliit.ee Juhatus: Eesti Matkaliit MT\u00dc Reg-nr: 80031865 Arveldusarve: SEB Pank AS EE411010052032018008 Juriidiline aadress: Raekoja plats 18, 10146 Tallinn Postiaadress: Tondi 17, 11313 Tallinn Eesti Matkaliit j\u00e4rgib oma tegevuses vaba\u00fchenduste tegevuse eetilisi p\u00f5him\u00f5tteid. Kui soovid ka enda organisatsiooni tuua Eesti Matkaliidu liikmeks, laadi alla sooviavalduse ankeet siit ning saadaRead more...\" \/>\n<meta property=\"og:url\" content=\"https:\/\/www.matkaliit.ee\/kontakt\/\" \/>\n<meta property=\"og:site_name\" content=\"Eesti Matkaliit\" \/>\n<meta property=\"article:modified_time\" content=\"2025-03-06T09:02:13+00:00\" \/>\n<meta name=\"twitter:card\" content=\"summary_large_image\" \/>\n<meta name=\"twitter:label1\" content=\"Estimated reading time\" \/>\n\t<meta name=\"twitter:data1\" content=\"1 minute\" \/>\n<script type=\"application\/ld+json\" class=\"yoast-schema-graph\">{\"@context\":\"https:\\\/\\\/schema.org\",\"@graph\":[{\"@type\":\"WebPage\",\"@id\":\"https:\\\/\\\/www.matkaliit.ee\\\/kontakt\\\/\",\"url\":\"https:\\\/\\\/www.matkaliit.ee\\\/kontakt\\\/\",\"name\":\"Kontakt - Eesti Matkaliit\",\"isPartOf\":{\"@id\":\"https:\\\/\\\/www.matkaliit.ee\\\/#website\"},\"datePublished\":\"2021-04-07T19:10:57+00:00\",\"dateModified\":\"2025-03-06T09:02:13+00:00\",\"breadcrumb\":{\"@id\":\"https:\\\/\\\/www.matkaliit.ee\\\/kontakt\\\/#breadcrumb\"},\"inLanguage\":\"en-GB\",\"potentialAction\":[{\"@type\":\"ReadAction\",\"target\":[\"https:\\\/\\\/www.matkaliit.ee\\\/kontakt\\\/\"]}]},{\"@type\":\"BreadcrumbList\",\"@id\":\"https:\\\/\\\/www.matkaliit.ee\\\/kontakt\\\/#breadcrumb\",\"itemListElement\":[{\"@type\":\"ListItem\",\"position\":1,\"name\":\"Home\",\"item\":\"https:\\\/\\\/www.matkaliit.ee\\\/\"},{\"@type\":\"ListItem\",\"position\":2,\"name\":\"Kontakt\"}]},{\"@type\":\"WebSite\",\"@id\":\"https:\\\/\\\/www.matkaliit.ee\\\/#website\",\"url\":\"https:\\\/\\\/www.matkaliit.ee\\\/\",\"name\":\"Eesti Matkaliit\",\"description\":\"\",\"publisher\":{\"@id\":\"https:\\\/\\\/www.matkaliit.ee\\\/#organization\"},\"potentialAction\":[{\"@type\":\"SearchAction\",\"target\":{\"@type\":\"EntryPoint\",\"urlTemplate\":\"https:\\\/\\\/www.matkaliit.ee\\\/?s={search_term_string}\"},\"query-input\":{\"@type\":\"PropertyValueSpecification\",\"valueRequired\":true,\"valueName\":\"search_term_string\"}}],\"inLanguage\":\"en-GB\"},{\"@type\":\"Organization\",\"@id\":\"https:\\\/\\\/www.matkaliit.ee\\\/#organization\",\"name\":\"Eesti Matkaliit\",\"url\":\"https:\\\/\\\/www.matkaliit.ee\\\/\",\"logo\":{\"@type\":\"ImageObject\",\"inLanguage\":\"en-GB\",\"@id\":\"https:\\\/\\\/www.matkaliit.ee\\\/#\\\/schema\\\/logo\\\/image\\\/\",\"url\":\"https:\\\/\\\/matkaliit.ee\\\/wp-content\\\/uploads\\\/2021\\\/04\\\/logo-koodulehele-1.jpg\",\"contentUrl\":\"https:\\\/\\\/matkaliit.ee\\\/wp-content\\\/uploads\\\/2021\\\/04\\\/logo-koodulehele-1.jpg\",\"width\":150,\"height\":137,\"caption\":\"Eesti Matkaliit\"},\"image\":{\"@id\":\"https:\\\/\\\/www.matkaliit.ee\\\/#\\\/schema\\\/logo\\\/image\\\/\"}}]}<\/script>\n<!-- \/ Yoast SEO plugin. -->","yoast_head_json":{"title":"Kontakt - Eesti Matkaliit","robots":{"index":"index","follow":"follow","max-snippet":"max-snippet:-1","max-image-preview":"max-image-preview:large","max-video-preview":"max-video-preview:-1"},"canonical":"https:\/\/www.matkaliit.ee\/kontakt\/","og_locale":"en_GB","og_type":"article","og_title":"Kontakt - Eesti Matkaliit","og_description":"K\u00fcsimuste korral kirjuta Eesti Matkaliidu \u00fcldmeilile info@matkaliit.ee Juhatus: Eesti Matkaliit MT\u00dc Reg-nr: 80031865 Arveldusarve: SEB Pank AS EE411010052032018008 Juriidiline aadress: Raekoja plats 18, 10146 Tallinn Postiaadress: Tondi 17, 11313 Tallinn Eesti Matkaliit j\u00e4rgib oma tegevuses vaba\u00fchenduste tegevuse eetilisi p\u00f5him\u00f5tteid. Kui soovid ka enda organisatsiooni tuua Eesti Matkaliidu liikmeks, laadi alla sooviavalduse ankeet siit ning saadaRead more...","og_url":"https:\/\/www.matkaliit.ee\/kontakt\/","og_site_name":"Eesti Matkaliit","article_modified_time":"2025-03-06T09:02:13+00:00","twitter_card":"summary_large_image","twitter_misc":{"Estimated reading time":"1 minute"},"schema":{"@context":"https:\/\/schema.org","@graph":[{"@type":"WebPage","@id":"https:\/\/www.matkaliit.ee\/kontakt\/","url":"https:\/\/www.matkaliit.ee\/kontakt\/","name":"Kontakt - Eesti Matkaliit","isPartOf":{"@id":"https:\/\/www.matkaliit.ee\/#website"},"datePublished":"2021-04-07T19:10:57+00:00","dateModified":"2025-03-06T09:02:13+00:00","breadcrumb":{"@id":"https:\/\/www.matkaliit.ee\/kontakt\/#breadcrumb"},"inLanguage":"en-GB","potentialAction":[{"@type":"ReadAction","target":["https:\/\/www.matkaliit.ee\/kontakt\/"]}]},{"@type":"BreadcrumbList","@id":"https:\/\/www.matkaliit.ee\/kontakt\/#breadcrumb","itemListElement":[{"@type":"ListItem","position":1,"name":"Home","item":"https:\/\/www.matkaliit.ee\/"},{"@type":"ListItem","position":2,"name":"Kontakt"}]},{"@type":"WebSite","@id":"https:\/\/www.matkaliit.ee\/#website","url":"https:\/\/www.matkaliit.ee\/","name":"Eesti Matkaliit","description":"","publisher":{"@id":"https:\/\/www.matkaliit.ee\/#organization"},"potentialAction":[{"@type":"SearchAction","target":{"@type":"EntryPoint","urlTemplate":"https:\/\/www.matkaliit.ee\/?s={search_term_string}"},"query-input":{"@type":"PropertyValueSpecification","valueRequired":true,"valueName":"search_term_string"}}],"inLanguage":"en-GB"},{"@type":"Organization","@id":"https:\/\/www.matkaliit.ee\/#organization","name":"Eesti Matkaliit","url":"https:\/\/www.matkaliit.ee\/","logo":{"@type":"ImageObject","inLanguage":"en-GB","@id":"https:\/\/www.matkaliit.ee\/#\/schema\/logo\/image\/","url":"https:\/\/matkaliit.ee\/wp-content\/uploads\/2021\/04\/logo-koodulehele-1.jpg","contentUrl":"https:\/\/matkaliit.ee\/wp-content\/uploads\/2021\/04\/logo-koodulehele-1.jpg","width":150,"height":137,"caption":"Eesti Matkaliit"},"image":{"@id":"https:\/\/www.matkaliit.ee\/#\/schema\/logo\/image\/"}}]}},"_links":{"self":[{"href":"https:\/\/matkaliit.ee\/en\/wp-json\/wp\/v2\/pages\/65","targetHints":{"allow":["GET"]}}],"collection":[{"href":"https:\/\/matkaliit.ee\/en\/wp-json\/wp\/v2\/pages"}],"about":[{"href":"https:\/\/matkaliit.ee\/en\/wp-json\/wp\/v2\/types\/page"}],"author":[{"embeddable":true,"href":"https:\/\/matkaliit.ee\/en\/wp-json\/wp\/v2\/users\/1"}],"replies":[{"embeddable":true,"href":"https:\/\/matkaliit.ee\/en\/wp-json\/wp\/v2\/comments?post=65"}],"version-history":[{"count":5,"href":"https:\/\/matkaliit.ee\/en\/wp-json\/wp\/v2\/pages\/65\/revisions"}],"predecessor-version":[{"id":1056,"href":"https:\/\/matkaliit.ee\/en\/wp-json\/wp\/v2\/pages\/65\/revisions\/1056"}],"wp:attachment":[{"href":"https:\/\/matkaliit.ee\/en\/wp-json\/wp\/v2\/media?parent=65"}],"curies":[{"name":"wp","href":"https:\/\/api.w.org\/{rel}","templated":true}]}}