{"id":81,"date":"2021-04-07T20:09:37","date_gmt":"2021-04-07T20:09:37","guid":{"rendered":"https:\/\/matkaliit.ee\/?page_id=81"},"modified":"2026-04-16T21:05:29","modified_gmt":"2026-04-16T18:05:29","slug":"aktiivtegevuste-instruktori-kutse","status":"publish","type":"page","link":"https:\/\/matkaliit.ee\/en\/aktiivtegevuste-instruktori-kutse\/","title":{"rendered":"Matkajuhi kutse"},"content":{"rendered":"<p class=\"western\" align=\"left\"><span style=\"color: #000000;\"><span style=\"font-family: Arial, Helvetica, sans-serif;\"><span style=\"font-size: medium;\">Kutsekoda kuulutas 13. novembril 2019 v\u00e4lja avaliku konkursi aktiivtegevuste instruktori kutsetele kutse andja leidmiseks. R\u00f5\u00f5m on t\u00f5deda, et veebruaris 2020 kinnitas Teeninduse Kutsen\u00f5ukogu konkursi v\u00f5itjaks Eesti Matkaliidu. <\/span><\/span><\/span><span style=\"color: #000000;\"><span style=\"font-family: Arial, Helvetica, sans-serif;\"><span style=\"font-size: medium;\"><span lang=\"zxx\">Eelnimetatud kutse v\u00e4ljaandmise \u00f5igus oli Eesti Matkaliidul 20. veebruarist 2020 kuni 19. veebruarini 2025.<\/span><\/span><\/span><\/span><\/p>\n<p class=\"western\" lang=\"zxx\" align=\"left\"><span style=\"font-family: Arial, Helvetica, sans-serif;\"><span style=\"font-size: medium;\">2024 toimus taas avalik konkurss aktiivtegevuste instruktori kutsetele kutse andja leidmiseks. Teeninduse Kutsen\u00f5ukogu kinnitas novembris Eesti Matkaliidu taas eelnimetatud kutse andjaks kuni 19. veebruarini 2030.<\/span><\/span><\/p>\n<p><strong>Aktiivtegevuste instruktor, tase 4, on spetsialiseerumistega:<\/strong><\/p>\n<ul>\n<li>MATKAJUHT\n<ul>\n<li style=\"list-style-type: none;\">\n<ul>&#8211; Jalgsimatkad<\/ul>\n<ul>&#8211; Motoriseeritud matkad<\/ul>\n<ul>&#8211; Veematkad<\/ul>\n<ul>&#8211; Jalgrattamatkad<\/ul>\n<\/li>\n<\/ul>\n<\/li>\n<\/ul>\n<ul>\n<li class=\"western\"><span style=\"font-size: medium;\">MAASTIKUVIBU INSTRUKTOR<\/span><\/li>\n<li>\n<p class=\"western\" align=\"left\"><span style=\"font-size: medium;\">SEIKLUSRAJA INSTRUKTOR<\/span><\/p>\n<\/li>\n<\/ul>\n<p>KUTSESTANDARDIGA\u00a0 saab tutvuda <a href=\"https:\/\/www.kutseregister.ee\/ctrl\/et\/Standardid\/vaata\/11498567\" target=\"_blank\" rel=\"noopener\">SIIN.<\/a><\/p>\n<p class=\"western\" align=\"left\"><span style=\"font-size: medium;\">Kutse taotlemise EELTINGIMUSED leiad <\/span><span style=\"color: #000080;\"><span lang=\"zxx\"><a href=\"https:\/\/www.kutseregister.ee\/ctrl\/et\/KAO\/vaata\/10819834?show_avalik=1#kao_fail\" target=\"_blank\" rel=\"noopener\"><span style=\"color: #3f83bf;\"><span style=\"font-family: Arial, Helvetica, sans-serif;\"><span style=\"font-size: medium;\">kutse andmise korrast. <\/span><\/span><\/span><\/a><\/span><\/span><\/p>\n<p>Kutse taotlemiseks ja <a style=\"cursor: pointer;\">taast\u00f5endamiseks<\/a> vajalikud dokumendid:<\/p>\n<div id=\"lisainfo\" style=\"display: none;\"><strong>Kutse taast\u00f5endamise eeltingimused:<\/strong><br \/>\na) erialase t\u00e4iendkoolituse l\u00e4bimine, mis ei ole varasemalt olnud aluseks varasemate kutseandmiste<br \/>\notsustamisel ja\/v\u00f5i erialase koolituse l\u00e4biviimine (kokku v\u00e4hemalt 20 tunni mahus);<br \/>\nb) kehtiva esmaabi baas- v\u00f5i t\u00e4iendkoolituse tunnistuse omamine;<br \/>\nc) 2-aastane erialane t\u00f6\u00f6kogemus v\u00f5i erialane praktikakogemus (v\u00e4hemalt 20 aktiivset matkap\u00e4eva)<strong>Kutse taast\u00f5endamiseks esitatavad dokumendid:<\/strong><br \/>\na) avaldus (kirjalikku taasesitamist v\u00f5imaldavas vormis);<br \/>\nb) maksekorraldus v\u00f5i muu kinnitus kutse andmisega seotud kulude tasumise kohta;<br \/>\nc) erialaste koolituste l\u00e4bimist t\u00f5endavad dokumendid\/tunnistused, kehtiva esmaabi koolituse<br \/>\ntunnistuse koopia;<br \/>\nd) CV, eelk\u00f5ige matkaalaste t\u00f6\u00f6de ja t\u00e4iendkoolituste kirjeldusega;<br \/>\ne) kutse aktiivtegevuste instruktor, tase 4 matkajuhi spetsialiseerumisel matkajuhi portfoolio \/<br \/>\np\u00e4evik teostatud matkade kohta.<\/p>\n<p><a href=\"https:\/\/drive.google.com\/file\/d\/1q5fCMu-x8Q7NGdLpgw8QI2Btf-HW8EeM\/view\">Matkap\u00e4eviku n\u00e4idis<\/a><\/p>\n<\/div>\n<ul>\n<li><a href=\"https:\/\/matkaliit.ee\/wp-content\/uploads\/2022\/03\/AVALDUS-MATKALIIDU-LEHELE-UUS.doc\" target=\"_blank\" rel=\"noopener\">avaldus<\/a> (digitaalselt allkirjastatud);<\/li>\n<li>haridust t\u00f5endava dokumendi koopia(d), erialaste koolituste l\u00e4bimist t\u00f5endavad dokumendid\/tunnistused, varasemate kutsetunnistuste t\u00f5endid;<\/li>\n<li>kehtiva esmaabi baas- v\u00f5i t\u00e4iendkoolituse tunnistus;<\/li>\n<li>CV, t\u00f6\u00f6alase tegevuse kirjeldusega;<\/li>\n<li>kutse, aktiivtegevuse instruktor, tase 4 matkajuhi spetsialiseerumisel kutse esmasel taotlemisel ja taast\u00f5endamisel matkajuhi p\u00e4evik teostatud matkade kohta;<\/li>\n<li>maksekorraldus v\u00f5i muu kinnitus kutse menetlemisega seotud kulude tasumise kohta.<\/li>\n<\/ul>\n<p class=\"western\" align=\"left\"><span style=\"color: #111111;\"><span style=\"font-size: medium;\"><strong>K\u00fcsimuste korral<\/strong> ja lisainfo vajadusel kirjuta<\/span><\/span> <strong><span style=\"color: #000080;\"><span lang=\"zxx\"><u><a href=\"mailto:eksam@matkaliit.ee\"><span style=\"font-size: medium;\">eksam@matkaliit.ee<\/span><\/a><\/u><\/span><\/span><\/strong><\/p>\n<p><strong>Tutvu<\/strong> <a href=\"https:\/\/drive.google.com\/file\/d\/19nnhAuyBE8buiSPTrLj6XkpRH_Q0HNdO\/view\">hindamisstandardiga<\/a> ja <a href=\"https:\/\/drive.google.com\/file\/d\/183kFLVLayO-DrTC8JFArG2_5eFxtR_HV\/view\">hindamislehega<\/a><\/p>\n<p><strong>Tasu kutse taotlemisel<\/strong><br \/>\nKutse taotlemisel rakendub kutse andmise tasu.<br \/>\nKutseeksamitasu on 196 eurot, taast\u00f5endamise tasu 115 eurot. Hinnad sisaldavad k\u00e4ibemaksu.<br \/>\nKutse mitteandmise korral kutseandmise tasu ei tagastata.<\/p>\n<p><b>Kutsekomisjon<\/b><br \/>\nKutsekomisjoni kuuluvate inimeste hulgas on spetsialiste, \u00f5ppej\u00f5ude ja teisi oma ala spetsialiste.<br \/>\nNimekirja leiad siit: <a href=\"https:\/\/www.kutseregister.ee\/ctrl\/et\/KAO\/vaata\/10819834?show_avalik=1&amp;fbclid=IwAR09OpYy-bODXimkAd3ajyPYd09of7u5ELofLbkFxWsDrlA_bFZjxVNRK8k#kao_kutsekomisjon\" target=\"_blank\" rel=\"noopener\">KUTSEREGISTER<\/a><\/p>\n<p class=\"western\" align=\"left\"><strong>Aktiivtegevuste instruktori kutseeksamid 2026. aastal<\/strong><\/p>\n<p class=\"western\" align=\"left\">Aktiivtegevuste instruktor EKR4 (spetsialiseerumisega matkajuht, valitud kompetentsid <strong>jalgsimatkade korraldamine ja l\u00e4biviimine<\/strong>) eksam toimub <strong>laup\u00e4eval, 11. aprillil<\/strong>.<\/p>\n<p class=\"western\" align=\"left\">Dokumentide esitamise viimane kuup\u00e4ev on p\u00fchap\u00e4ev, 29. m\u00e4rts kl 23.59.<\/p>\n<p class=\"western\" align=\"left\">Aktiivtegevuste instruktor EKR4 (spetsialiseerumisega matkajuht, valitud kompetentsid <strong>veematkade korraldamine ja l\u00e4biviimine<\/strong>) eksamid toimuvad <strong>23.\u201324. mai ja 3.\u20134. oktoober<\/strong>.<\/p>\n<p class=\"western\" align=\"left\">Dokumentide esitamise viimane kuup\u00e4ev on vastavalt p\u00fchap\u00e4ev, 10. mai kl 23.59 ja 20. september kl 23.59.<\/p>\n<p class=\"western\" align=\"left\">Eksamiajad kutseharidusasutustega lepitakse kokku eraldi.<\/p>","protected":false},"excerpt":{"rendered":"<p>Kutsekoda kuulutas 13. novembril 2019 v\u00e4lja avaliku konkursi aktiivtegevuste instruktori kutsetele kutse andja leidmiseks. R\u00f5\u00f5m on t\u00f5deda, et veebruaris 2020 kinnitas Teeninduse Kutsen\u00f5ukogu konkursi v\u00f5itjaks Eesti Matkaliidu. Eelnimetatud kutse v\u00e4ljaandmise \u00f5igus oli Eesti Matkaliidul 20. veebruarist 2020 kuni 19. veebruarini 2025. 2024 toimus taas avalik konkurss aktiivtegevuste instruktori kutsetele kutse andja leidmiseks. Teeninduse Kutsen\u00f5ukogu kinnitas<\/p>\n<div class='read-more-button'><a class='read-more-link' href='https:\/\/matkaliit.ee\/en\/aktiivtegevuste-instruktori-kutse\/' style='border: 1px solid #3f83bf'>Read more&#8230;<\/a><\/div>","protected":false},"author":1,"featured_media":0,"parent":0,"menu_order":0,"comment_status":"closed","ping_status":"closed","template":"","meta":{"footnotes":""},"class_list":["post-81","page","type-page","status-publish","hentry"],"yoast_head":"<!-- This site is optimized with the Yoast SEO plugin v27.4 - https:\/\/yoast.com\/product\/yoast-seo-wordpress\/ -->\n<title>Matkajuhi kutse - Eesti Matkaliit<\/title>\n<meta name=\"description\" content=\"Aktiivtegevuste instruktori kutse - matkajuht (vee, jalgsi, moto, jalgratta), maastikuvibu instruktor, seiklusraja instruktor.\" \/>\n<meta name=\"robots\" content=\"index, follow, max-snippet:-1, max-image-preview:large, max-video-preview:-1\" \/>\n<link rel=\"canonical\" href=\"https:\/\/matkaliit.ee\/en\/aktiivtegevuste-instruktori-kutse\/\" \/>\n<meta property=\"og:locale\" content=\"en_GB\" \/>\n<meta property=\"og:type\" content=\"article\" \/>\n<meta property=\"og:title\" content=\"Matkajuhi kutse - Eesti Matkaliit\" \/>\n<meta property=\"og:description\" content=\"Aktiivtegevuste instruktori kutse - matkajuht (vee, jalgsi, moto, jalgratta), maastikuvibu instruktor, seiklusraja instruktor.\" \/>\n<meta property=\"og:url\" content=\"https:\/\/matkaliit.ee\/en\/aktiivtegevuste-instruktori-kutse\/\" \/>\n<meta property=\"og:site_name\" content=\"Eesti Matkaliit\" \/>\n<meta property=\"article:modified_time\" content=\"2026-04-16T18:05:29+00:00\" \/>\n<meta name=\"twitter:card\" content=\"summary_large_image\" \/>\n<meta name=\"twitter:label1\" content=\"Estimated reading time\" \/>\n\t<meta name=\"twitter:data1\" content=\"3 minutes\" \/>\n<script type=\"application\/ld+json\" class=\"yoast-schema-graph\">{\"@context\":\"https:\\\/\\\/schema.org\",\"@graph\":[{\"@type\":\"WebPage\",\"@id\":\"https:\\\/\\\/matkaliit.ee\\\/aktiivtegevuste-instruktori-kutse\\\/\",\"url\":\"https:\\\/\\\/matkaliit.ee\\\/aktiivtegevuste-instruktori-kutse\\\/\",\"name\":\"Matkajuhi kutse - Eesti Matkaliit\",\"isPartOf\":{\"@id\":\"https:\\\/\\\/www.matkaliit.ee\\\/en\\\/#website\"},\"datePublished\":\"2021-04-07T20:09:37+00:00\",\"dateModified\":\"2026-04-16T18:05:29+00:00\",\"description\":\"Aktiivtegevuste instruktori kutse - matkajuht (vee, jalgsi, moto, jalgratta), maastikuvibu instruktor, seiklusraja instruktor.\",\"breadcrumb\":{\"@id\":\"https:\\\/\\\/matkaliit.ee\\\/aktiivtegevuste-instruktori-kutse\\\/#breadcrumb\"},\"inLanguage\":\"en-GB\",\"potentialAction\":[{\"@type\":\"ReadAction\",\"target\":[\"https:\\\/\\\/matkaliit.ee\\\/aktiivtegevuste-instruktori-kutse\\\/\"]}]},{\"@type\":\"BreadcrumbList\",\"@id\":\"https:\\\/\\\/matkaliit.ee\\\/aktiivtegevuste-instruktori-kutse\\\/#breadcrumb\",\"itemListElement\":[{\"@type\":\"ListItem\",\"position\":1,\"name\":\"Home\",\"item\":\"https:\\\/\\\/www.matkaliit.ee\\\/en\\\/\"},{\"@type\":\"ListItem\",\"position\":2,\"name\":\"Matkajuhi kutse\"}]},{\"@type\":\"WebSite\",\"@id\":\"https:\\\/\\\/www.matkaliit.ee\\\/en\\\/#website\",\"url\":\"https:\\\/\\\/www.matkaliit.ee\\\/en\\\/\",\"name\":\"Eesti Matkaliit\",\"description\":\"\",\"publisher\":{\"@id\":\"https:\\\/\\\/www.matkaliit.ee\\\/en\\\/#organization\"},\"potentialAction\":[{\"@type\":\"SearchAction\",\"target\":{\"@type\":\"EntryPoint\",\"urlTemplate\":\"https:\\\/\\\/www.matkaliit.ee\\\/en\\\/?s={search_term_string}\"},\"query-input\":{\"@type\":\"PropertyValueSpecification\",\"valueRequired\":true,\"valueName\":\"search_term_string\"}}],\"inLanguage\":\"en-GB\"},{\"@type\":\"Organization\",\"@id\":\"https:\\\/\\\/www.matkaliit.ee\\\/en\\\/#organization\",\"name\":\"Eesti Matkaliit\",\"url\":\"https:\\\/\\\/www.matkaliit.ee\\\/en\\\/\",\"logo\":{\"@type\":\"ImageObject\",\"inLanguage\":\"en-GB\",\"@id\":\"https:\\\/\\\/www.matkaliit.ee\\\/en\\\/#\\\/schema\\\/logo\\\/image\\\/\",\"url\":\"https:\\\/\\\/matkaliit.ee\\\/wp-content\\\/uploads\\\/2021\\\/04\\\/logo-koodulehele-1.jpg\",\"contentUrl\":\"https:\\\/\\\/matkaliit.ee\\\/wp-content\\\/uploads\\\/2021\\\/04\\\/logo-koodulehele-1.jpg\",\"width\":150,\"height\":137,\"caption\":\"Eesti Matkaliit\"},\"image\":{\"@id\":\"https:\\\/\\\/www.matkaliit.ee\\\/en\\\/#\\\/schema\\\/logo\\\/image\\\/\"}}]}<\/script>\n<!-- \/ Yoast SEO plugin. -->","yoast_head_json":{"title":"Matkajuhi kutse - Eesti Matkaliit","description":"Aktiivtegevuste instruktori kutse - matkajuht (vee, jalgsi, moto, jalgratta), maastikuvibu instruktor, seiklusraja instruktor.","robots":{"index":"index","follow":"follow","max-snippet":"max-snippet:-1","max-image-preview":"max-image-preview:large","max-video-preview":"max-video-preview:-1"},"canonical":"https:\/\/matkaliit.ee\/en\/aktiivtegevuste-instruktori-kutse\/","og_locale":"en_GB","og_type":"article","og_title":"Matkajuhi kutse - Eesti Matkaliit","og_description":"Aktiivtegevuste instruktori kutse - matkajuht (vee, jalgsi, moto, jalgratta), maastikuvibu instruktor, seiklusraja instruktor.","og_url":"https:\/\/matkaliit.ee\/en\/aktiivtegevuste-instruktori-kutse\/","og_site_name":"Eesti Matkaliit","article_modified_time":"2026-04-16T18:05:29+00:00","twitter_card":"summary_large_image","twitter_misc":{"Estimated reading time":"3 minutes"},"schema":{"@context":"https:\/\/schema.org","@graph":[{"@type":"WebPage","@id":"https:\/\/matkaliit.ee\/aktiivtegevuste-instruktori-kutse\/","url":"https:\/\/matkaliit.ee\/aktiivtegevuste-instruktori-kutse\/","name":"Matkajuhi kutse - Eesti Matkaliit","isPartOf":{"@id":"https:\/\/www.matkaliit.ee\/en\/#website"},"datePublished":"2021-04-07T20:09:37+00:00","dateModified":"2026-04-16T18:05:29+00:00","description":"Aktiivtegevuste instruktori kutse - matkajuht (vee, jalgsi, moto, jalgratta), maastikuvibu instruktor, seiklusraja instruktor.","breadcrumb":{"@id":"https:\/\/matkaliit.ee\/aktiivtegevuste-instruktori-kutse\/#breadcrumb"},"inLanguage":"en-GB","potentialAction":[{"@type":"ReadAction","target":["https:\/\/matkaliit.ee\/aktiivtegevuste-instruktori-kutse\/"]}]},{"@type":"BreadcrumbList","@id":"https:\/\/matkaliit.ee\/aktiivtegevuste-instruktori-kutse\/#breadcrumb","itemListElement":[{"@type":"ListItem","position":1,"name":"Home","item":"https:\/\/www.matkaliit.ee\/en\/"},{"@type":"ListItem","position":2,"name":"Matkajuhi kutse"}]},{"@type":"WebSite","@id":"https:\/\/www.matkaliit.ee\/en\/#website","url":"https:\/\/www.matkaliit.ee\/en\/","name":"Eesti Matkaliit","description":"","publisher":{"@id":"https:\/\/www.matkaliit.ee\/en\/#organization"},"potentialAction":[{"@type":"SearchAction","target":{"@type":"EntryPoint","urlTemplate":"https:\/\/www.matkaliit.ee\/en\/?s={search_term_string}"},"query-input":{"@type":"PropertyValueSpecification","valueRequired":true,"valueName":"search_term_string"}}],"inLanguage":"en-GB"},{"@type":"Organization","@id":"https:\/\/www.matkaliit.ee\/en\/#organization","name":"Eesti Matkaliit","url":"https:\/\/www.matkaliit.ee\/en\/","logo":{"@type":"ImageObject","inLanguage":"en-GB","@id":"https:\/\/www.matkaliit.ee\/en\/#\/schema\/logo\/image\/","url":"https:\/\/matkaliit.ee\/wp-content\/uploads\/2021\/04\/logo-koodulehele-1.jpg","contentUrl":"https:\/\/matkaliit.ee\/wp-content\/uploads\/2021\/04\/logo-koodulehele-1.jpg","width":150,"height":137,"caption":"Eesti Matkaliit"},"image":{"@id":"https:\/\/www.matkaliit.ee\/en\/#\/schema\/logo\/image\/"}}]}},"_links":{"self":[{"href":"https:\/\/matkaliit.ee\/en\/wp-json\/wp\/v2\/pages\/81","targetHints":{"allow":["GET"]}}],"collection":[{"href":"https:\/\/matkaliit.ee\/en\/wp-json\/wp\/v2\/pages"}],"about":[{"href":"https:\/\/matkaliit.ee\/en\/wp-json\/wp\/v2\/types\/page"}],"author":[{"embeddable":true,"href":"https:\/\/matkaliit.ee\/en\/wp-json\/wp\/v2\/users\/1"}],"replies":[{"embeddable":true,"href":"https:\/\/matkaliit.ee\/en\/wp-json\/wp\/v2\/comments?post=81"}],"version-history":[{"count":5,"href":"https:\/\/matkaliit.ee\/en\/wp-json\/wp\/v2\/pages\/81\/revisions"}],"predecessor-version":[{"id":1192,"href":"https:\/\/matkaliit.ee\/en\/wp-json\/wp\/v2\/pages\/81\/revisions\/1192"}],"wp:attachment":[{"href":"https:\/\/matkaliit.ee\/en\/wp-json\/wp\/v2\/media?parent=81"}],"curies":[{"name":"wp","href":"https:\/\/api.w.org\/{rel}","templated":true}]}}