{"id":825,"date":"2024-07-31T10:41:13","date_gmt":"2024-07-31T07:41:13","guid":{"rendered":"https:\/\/matkaliit.ee\/?page_id=825"},"modified":"2024-07-31T11:05:07","modified_gmt":"2024-07-31T08:05:07","slug":"registreeri-huvi","status":"publish","type":"page","link":"https:\/\/matkaliit.ee\/en\/registreeri-huvi\/","title":{"rendered":"Registreeri huvi"},"content":{"rendered":"<p>Kui oled huvitatud treenerikutsest matkamise valdkonnas, siis siin saad anda endast m\u00e4rku.<\/p>\n<div><\/div>\n<div>Eesti Matkaliit koolitab treenereid j\u00e4rgmistes valdkondades:<\/div>\n<div>\n<div>\n<ul>\n<li>jalgsimatkamine<\/li>\n<li>m\u00e4gironimine (alpinism, m\u00e4gimatkamine)<\/li>\n<li>veematkamine<\/li>\n<\/ul>\n<\/div>\n<div>Enda huvi registreerimiseks t\u00e4ida k\u00fcsimustik siin:<\/div>\n<div><\/div>\n<div><iframe src=\"https:\/\/forms.gle\/BHmrXwNjAmQPvG1z6\" height=\"2600 px;\"><\/iframe><\/div>\n<div>\n<p>Erialakoolitusi korraldatakse vastavalt registreeritud huvile ja Matkaliit v\u00f5tab siin registreeritud huvilistega \u00fchendust, kui on saavutatud kriitiline piir koolituse toimumiseks.<\/p>\n<div><\/div>\n<div>EKR treenerite kutsestandardi n\u00f5uded ja tulevased koolitused leiad siit:\u00a0<a href=\"https:\/\/www.sport.ee\/et\/treenerid\">https:\/\/www.sport.ee\/et\/treenerid<\/a><\/div>\n<\/div>\n<\/div>","protected":false},"excerpt":{"rendered":"<p>Kui oled huvitatud treenerikutsest matkamise valdkonnas, siis siin saad anda endast m\u00e4rku. Eesti Matkaliit koolitab treenereid j\u00e4rgmistes valdkondades: jalgsimatkamine m\u00e4gironimine (alpinism, m\u00e4gimatkamine) veematkamine Enda huvi registreerimiseks t\u00e4ida k\u00fcsimustik siin: Erialakoolitusi korraldatakse vastavalt registreeritud huvile ja Matkaliit v\u00f5tab siin registreeritud huvilistega \u00fchendust, kui on saavutatud kriitiline piir koolituse toimumiseks. EKR treenerite kutsestandardi n\u00f5uded ja tulevased koolitused<\/p>\n<div class='read-more-button'><a class='read-more-link' href='https:\/\/matkaliit.ee\/en\/registreeri-huvi\/' style='border: 1px solid #3f83bf'>Read more&#8230;<\/a><\/div>","protected":false},"author":1,"featured_media":0,"parent":0,"menu_order":0,"comment_status":"closed","ping_status":"closed","template":"","meta":{"footnotes":""},"class_list":["post-825","page","type-page","status-publish","hentry"],"yoast_head":"<!-- This site is optimized with the Yoast SEO plugin v27.6 - https:\/\/yoast.com\/product\/yoast-seo-wordpress\/ -->\n<title>Registreeri huvi - Eesti Matkaliit<\/title>\n<meta name=\"description\" content=\"Kui oled huvitatud matkatreeneri kutsest, anna meile oma huvist teada! Erialakoolitusi korraldatakse vastavalt registreeritud huvile.\" \/>\n<meta name=\"robots\" content=\"index, follow, max-snippet:-1, max-image-preview:large, max-video-preview:-1\" \/>\n<link rel=\"canonical\" href=\"https:\/\/matkaliit.ee\/en\/registreeri-huvi\/\" \/>\n<meta property=\"og:locale\" content=\"en_GB\" \/>\n<meta property=\"og:type\" content=\"article\" \/>\n<meta property=\"og:title\" content=\"Registreeri huvi - Eesti Matkaliit\" \/>\n<meta property=\"og:description\" content=\"Kui oled huvitatud matkatreeneri kutsest, anna meile oma huvist teada! Erialakoolitusi korraldatakse vastavalt registreeritud huvile.\" \/>\n<meta property=\"og:url\" content=\"https:\/\/matkaliit.ee\/en\/registreeri-huvi\/\" \/>\n<meta property=\"og:site_name\" content=\"Eesti Matkaliit\" \/>\n<meta property=\"article:modified_time\" content=\"2024-07-31T08:05:07+00:00\" \/>\n<meta name=\"twitter:card\" content=\"summary_large_image\" \/>\n<meta name=\"twitter:label1\" content=\"Estimated reading time\" \/>\n\t<meta name=\"twitter:data1\" content=\"1 minute\" \/>\n<script type=\"application\/ld+json\" class=\"yoast-schema-graph\">{\"@context\":\"https:\\\/\\\/schema.org\",\"@graph\":[{\"@type\":\"WebPage\",\"@id\":\"https:\\\/\\\/matkaliit.ee\\\/en\\\/registreeri-huvi\\\/\",\"url\":\"https:\\\/\\\/matkaliit.ee\\\/en\\\/registreeri-huvi\\\/\",\"name\":\"Registreeri huvi - Eesti Matkaliit\",\"isPartOf\":{\"@id\":\"https:\\\/\\\/matkaliit.ee\\\/#website\"},\"datePublished\":\"2024-07-31T07:41:13+00:00\",\"dateModified\":\"2024-07-31T08:05:07+00:00\",\"description\":\"Kui oled huvitatud matkatreeneri kutsest, anna meile oma huvist teada! Erialakoolitusi korraldatakse vastavalt registreeritud huvile.\",\"breadcrumb\":{\"@id\":\"https:\\\/\\\/matkaliit.ee\\\/en\\\/registreeri-huvi\\\/#breadcrumb\"},\"inLanguage\":\"en-GB\",\"potentialAction\":[{\"@type\":\"ReadAction\",\"target\":[\"https:\\\/\\\/matkaliit.ee\\\/en\\\/registreeri-huvi\\\/\"]}]},{\"@type\":\"BreadcrumbList\",\"@id\":\"https:\\\/\\\/matkaliit.ee\\\/en\\\/registreeri-huvi\\\/#breadcrumb\",\"itemListElement\":[{\"@type\":\"ListItem\",\"position\":1,\"name\":\"Home\",\"item\":\"https:\\\/\\\/matkaliit.ee\\\/\"},{\"@type\":\"ListItem\",\"position\":2,\"name\":\"Registreeri huvi\"}]},{\"@type\":\"WebSite\",\"@id\":\"https:\\\/\\\/matkaliit.ee\\\/#website\",\"url\":\"https:\\\/\\\/matkaliit.ee\\\/\",\"name\":\"Eesti Matkaliit\",\"description\":\"\",\"publisher\":{\"@id\":\"https:\\\/\\\/matkaliit.ee\\\/#organization\"},\"potentialAction\":[{\"@type\":\"SearchAction\",\"target\":{\"@type\":\"EntryPoint\",\"urlTemplate\":\"https:\\\/\\\/matkaliit.ee\\\/?s={search_term_string}\"},\"query-input\":{\"@type\":\"PropertyValueSpecification\",\"valueRequired\":true,\"valueName\":\"search_term_string\"}}],\"inLanguage\":\"en-GB\"},{\"@type\":\"Organization\",\"@id\":\"https:\\\/\\\/matkaliit.ee\\\/#organization\",\"name\":\"Eesti Matkaliit\",\"url\":\"https:\\\/\\\/matkaliit.ee\\\/\",\"logo\":{\"@type\":\"ImageObject\",\"inLanguage\":\"en-GB\",\"@id\":\"https:\\\/\\\/matkaliit.ee\\\/#\\\/schema\\\/logo\\\/image\\\/\",\"url\":\"https:\\\/\\\/matkaliit.ee\\\/wp-content\\\/uploads\\\/2021\\\/04\\\/logo-koodulehele-1.jpg\",\"contentUrl\":\"https:\\\/\\\/matkaliit.ee\\\/wp-content\\\/uploads\\\/2021\\\/04\\\/logo-koodulehele-1.jpg\",\"width\":150,\"height\":137,\"caption\":\"Eesti Matkaliit\"},\"image\":{\"@id\":\"https:\\\/\\\/matkaliit.ee\\\/#\\\/schema\\\/logo\\\/image\\\/\"}}]}<\/script>\n<!-- \/ Yoast SEO plugin. -->","yoast_head_json":{"title":"Registreeri huvi - Eesti Matkaliit","description":"Kui oled huvitatud matkatreeneri kutsest, anna meile oma huvist teada! Erialakoolitusi korraldatakse vastavalt registreeritud huvile.","robots":{"index":"index","follow":"follow","max-snippet":"max-snippet:-1","max-image-preview":"max-image-preview:large","max-video-preview":"max-video-preview:-1"},"canonical":"https:\/\/matkaliit.ee\/en\/registreeri-huvi\/","og_locale":"en_GB","og_type":"article","og_title":"Registreeri huvi - Eesti Matkaliit","og_description":"Kui oled huvitatud matkatreeneri kutsest, anna meile oma huvist teada! Erialakoolitusi korraldatakse vastavalt registreeritud huvile.","og_url":"https:\/\/matkaliit.ee\/en\/registreeri-huvi\/","og_site_name":"Eesti Matkaliit","article_modified_time":"2024-07-31T08:05:07+00:00","twitter_card":"summary_large_image","twitter_misc":{"Estimated reading time":"1 minute"},"schema":{"@context":"https:\/\/schema.org","@graph":[{"@type":"WebPage","@id":"https:\/\/matkaliit.ee\/en\/registreeri-huvi\/","url":"https:\/\/matkaliit.ee\/en\/registreeri-huvi\/","name":"Registreeri huvi - Eesti Matkaliit","isPartOf":{"@id":"https:\/\/matkaliit.ee\/#website"},"datePublished":"2024-07-31T07:41:13+00:00","dateModified":"2024-07-31T08:05:07+00:00","description":"Kui oled huvitatud matkatreeneri kutsest, anna meile oma huvist teada! Erialakoolitusi korraldatakse vastavalt registreeritud huvile.","breadcrumb":{"@id":"https:\/\/matkaliit.ee\/en\/registreeri-huvi\/#breadcrumb"},"inLanguage":"en-GB","potentialAction":[{"@type":"ReadAction","target":["https:\/\/matkaliit.ee\/en\/registreeri-huvi\/"]}]},{"@type":"BreadcrumbList","@id":"https:\/\/matkaliit.ee\/en\/registreeri-huvi\/#breadcrumb","itemListElement":[{"@type":"ListItem","position":1,"name":"Home","item":"https:\/\/matkaliit.ee\/"},{"@type":"ListItem","position":2,"name":"Registreeri huvi"}]},{"@type":"WebSite","@id":"https:\/\/matkaliit.ee\/#website","url":"https:\/\/matkaliit.ee\/","name":"Eesti Matkaliit","description":"","publisher":{"@id":"https:\/\/matkaliit.ee\/#organization"},"potentialAction":[{"@type":"SearchAction","target":{"@type":"EntryPoint","urlTemplate":"https:\/\/matkaliit.ee\/?s={search_term_string}"},"query-input":{"@type":"PropertyValueSpecification","valueRequired":true,"valueName":"search_term_string"}}],"inLanguage":"en-GB"},{"@type":"Organization","@id":"https:\/\/matkaliit.ee\/#organization","name":"Eesti Matkaliit","url":"https:\/\/matkaliit.ee\/","logo":{"@type":"ImageObject","inLanguage":"en-GB","@id":"https:\/\/matkaliit.ee\/#\/schema\/logo\/image\/","url":"https:\/\/matkaliit.ee\/wp-content\/uploads\/2021\/04\/logo-koodulehele-1.jpg","contentUrl":"https:\/\/matkaliit.ee\/wp-content\/uploads\/2021\/04\/logo-koodulehele-1.jpg","width":150,"height":137,"caption":"Eesti Matkaliit"},"image":{"@id":"https:\/\/matkaliit.ee\/#\/schema\/logo\/image\/"}}]}},"_links":{"self":[{"href":"https:\/\/matkaliit.ee\/en\/wp-json\/wp\/v2\/pages\/825","targetHints":{"allow":["GET"]}}],"collection":[{"href":"https:\/\/matkaliit.ee\/en\/wp-json\/wp\/v2\/pages"}],"about":[{"href":"https:\/\/matkaliit.ee\/en\/wp-json\/wp\/v2\/types\/page"}],"author":[{"embeddable":true,"href":"https:\/\/matkaliit.ee\/en\/wp-json\/wp\/v2\/users\/1"}],"replies":[{"embeddable":true,"href":"https:\/\/matkaliit.ee\/en\/wp-json\/wp\/v2\/comments?post=825"}],"version-history":[{"count":5,"href":"https:\/\/matkaliit.ee\/en\/wp-json\/wp\/v2\/pages\/825\/revisions"}],"predecessor-version":[{"id":834,"href":"https:\/\/matkaliit.ee\/en\/wp-json\/wp\/v2\/pages\/825\/revisions\/834"}],"wp:attachment":[{"href":"https:\/\/matkaliit.ee\/en\/wp-json\/wp\/v2\/media?parent=825"}],"curies":[{"name":"wp","href":"https:\/\/api.w.org\/{rel}","templated":true}]}}